{"id":7935,"date":"2021-06-23T02:32:00","date_gmt":"2021-06-23T02:32:00","guid":{"rendered":"https:\/\/mt.zagirova.net\/mister-track-la-innovadora-herramienta-de-gestion-de-crisis\/"},"modified":"2021-06-24T23:58:25","modified_gmt":"2021-06-24T23:58:25","slug":"herramienta-de-gestion-de-crisis","status":"publish","type":"page","link":"https:\/\/mistertrack.com\/do\/herramienta-de-gestion-de-crisis\/","title":{"rendered":"Mister Track, la innovadora herramienta de gesti\u00f3n de crisis."},"content":{"rendered":"\r\n<p>Cualquier empresa u organizaci\u00f3n puede enfrentar una emergencia y para limitar el impacto, algunos deciden invertir en una herramienta de geolocalizaci\u00f3n y monitoreo en tiempo real dedicada a la gesti\u00f3n de crisis.<\/p>\r\n\r\n\r\n\r\n<p>Descubra nuestra innovadora soluci\u00f3n, Mister Track pone a disposici\u00f3n de las empresas una herramienta de geolocalizaci\u00f3n y administraci\u00f3n adaptada a sus necesidades, que le permitir\u00e1 geolocalizar y asegurar veh\u00edculos, personal y equipos. Nuestra sencilla e intuitiva plataforma de monitoreo geo.mistertrack.com hace posible mejorar la supervisi\u00f3n del sistema de gesti\u00f3n de crisis, facilitar y asegurar intervenciones y monitorear el personal de campo en tiempo real.<\/p>\r\n\r\n\r\n\r\n<p>El jefe de dispositivo dispone una <strong>plataforma de supervisi\u00f3n<\/strong> permitiendole localizar en tiempo real el personal y las balizas colocadas en los veh\u00edculos de intervenci\u00f3n.<\/p>\r\n\r\n\r\n\r\n<p><strong>El modo tracking\u00a0<\/strong>permite geolocalizar y seguir en tiempo real las personas y los veh\u00edculos programando una posici\u00f3n desde 5 segundos hasta una hora. Con <strong>la ruta en tiempo real<\/strong>, cuando la baliza est\u00e9 en movimiento o parada en el mapa, ser\u00e1 posible consultar la ruta del trayecto en curso desde la \u00faltima parada y ver rapidamente las \u00faltimas rutas recorridas por el tracker.<\/p>\r\n\r\n\r\n\r\n<p>Mejore la coordinaci\u00f3n de los participantes, optimice la rapidez y comparta informaci\u00f3n. Cada miembro del personal y baliza son identificados por iconos sobre el mapa. Al compartir <strong>la posici\u00f3n GPS de su smartphone<\/strong>, podr\u00e1 geolocalizar varios usuarios y el localizador en el mismo mapa. Asimismo, podr\u00e1 crear y geolocalizar <strong>grupos de trabajo<\/strong> o dispositivos. Cada miembro registrado dentro del grupo puede, gracias a la aplicaci\u00f3n m\u00f3vil, localizarse, ver todo el grupo creado y\u00a0 comunicar con los diferentes actores<strong>. <\/strong>Gracias a nuestro<strong> s<\/strong><strong>istema de mensajer\u00eda<\/strong> via la plataforma y via la aplicaci\u00f3n m\u00f3vil, tendr\u00e1 la posibilidad de enviar mensajes a uno o diferentes usuarios en tiempo real o al grupo de trabajo.<\/p>\r\n\r\n\r\n\r\n<p>Cree zonas circulares o poligonales directamente en el mapa, se le avisar\u00e1 de las entradas y salidas de la zona. Programe alertas de movimiento, recibir\u00e1 notificaciones directamente en su smartphone, especialmente cuando dos localizadores estar\u00e1n cerca o alejados el uno del otro.<\/p>\r\n\r\n\r\n\r\n<h3 class=\"wp-block-heading\">Balizas GPS aut\u00f3nomas para la gesti\u00f3n de crisis.<\/h3>\r\n\r\n\r\n\r\n<p>Los rastreadores GPS aut\u00f3nomos Mister Track son herm\u00e9ticos, compactos, resistentes y ligeros, cuentan con <strong>bater\u00edas de alto rendimiento <\/strong>y con una <strong>larga\u00a0 autonom\u00eda<\/strong>. Nuestros localizadores GPS profesionales est\u00e1n equipados de <strong>tarjetas sim utilizables con varios operadores<\/strong>. Su uso es ilimitado, confidencial, seguro y an\u00f3nimo. La innovadora soluci\u00f3n de gesti\u00f3n de crisis Mister Track permite el control total de los costos de funcionamiento. Invierta a largo plazo, distribuya los rastreadores entre todos los actores de gesti\u00f3n de crisis y utilice nuestra herramienta durante los ejercicios.<\/p>\r\n\r\n\r\n\r\n<ul class=\"wp-block-list\">\r\n<li><a href=\"https:\/\/mistertrack.com\/es\/balise\/comprar-localizador-gps\/\" target=\"_blank\" rel=\"noreferrer noopener\">Comprar Mister Track<\/a><\/li>\r\n<li><a href=\"https:\/\/mistertrack.com\/es\/balise\/alquiler-localizador-gps\/\" target=\"_blank\" rel=\"noreferrer noopener\">Alquilar\u00a0Mister Track<\/a><\/li>\r\n<li><a href=\"https:\/\/mistertrack.com\/es\/localizadores-gps-autonomos\/\" target=\"_blank\" rel=\"noreferrer noopener\">Rastreadores GPS aut\u00f3nomos Mister Track<\/a><\/li>\r\n<li><a href=\"https:\/\/mistertrack.com\/wp-content\/uploads\/2018\/04\/Presentacion-localizadores-GPS-Mister-Track-localizacion-y-recuperacion-de-vehiculos-robados.pdf\" target=\"_blank\" rel=\"noreferrer noopener\">Presentaci\u00f3n localizadores GPS Mister Track \u2013 localizaci\u00f3n y recuperaci\u00f3n de veh\u00edculos robados<\/a><\/li>\r\n<\/ul>\r\n","protected":false},"excerpt":{"rendered":"<p>Cualquier empresa u organizaci\u00f3n puede enfrentar una emergencia y para limitar el impacto, algunos deciden invertir en una herramienta de geolocalizaci\u00f3n y monitoreo en tiempo&#8230;<\/p>\n","protected":false},"author":6,"featured_media":7936,"parent":0,"menu_order":0,"comment_status":"closed","ping_status":"closed","template":"","meta":{"inline_featured_image":false,"footnotes":""},"class_list":["post-7935","page","type-page","status-publish","has-post-thumbnail","hentry"],"yoast_head":"<!-- This site is optimized with the Yoast SEO Premium plugin v26.8 (Yoast SEO v26.8) - https:\/\/yoast.com\/product\/yoast-seo-premium-wordpress\/ -->\n<title>Mister Track, la innovadora herramienta de gesti\u00f3n de crisis.<\/title>\n<meta name=\"description\" content=\"Balizas GPS aut\u00f3nomas para la gesti\u00f3n de crisis. La innovadora soluci\u00f3n de geolocalizaci\u00f3n y monitoreo en tiempo real dedicada a la gesti\u00f3n de crisis.\" \/>\n<meta name=\"robots\" content=\"index, follow, max-snippet:-1, max-image-preview:large, max-video-preview:-1\" \/>\n<link rel=\"canonical\" href=\"https:\/\/mistertrack.com\/do\/herramienta-de-gestion-de-crisis\/\" \/>\n<meta property=\"og:locale\" content=\"es_ES\" \/>\n<meta property=\"og:type\" content=\"article\" \/>\n<meta property=\"og:title\" content=\"Mister Track, la innovadora herramienta de gesti\u00f3n de crisis.\" \/>\n<meta property=\"og:description\" content=\"Balizas GPS aut\u00f3nomas para la gesti\u00f3n de crisis. La innovadora soluci\u00f3n de geolocalizaci\u00f3n y monitoreo en tiempo real dedicada a la gesti\u00f3n de crisis.\" \/>\n<meta property=\"og:url\" content=\"https:\/\/mistertrack.com\/do\/herramienta-de-gestion-de-crisis\/\" \/>\n<meta property=\"og:site_name\" content=\"Mister Track\" \/>\n<meta property=\"article:modified_time\" content=\"2021-06-24T23:58:25+00:00\" \/>\n<meta property=\"og:image\" content=\"https:\/\/mistertrack.com\/wp-content\/uploads\/2019\/02\/Mister-Track-gestion-de-crise-1.png\" \/>\n\t<meta property=\"og:image:width\" content=\"1269\" \/>\n\t<meta property=\"og:image:height\" content=\"850\" \/>\n\t<meta property=\"og:image:type\" content=\"image\/png\" \/>\n<meta name=\"twitter:card\" content=\"summary_large_image\" \/>\n<meta name=\"twitter:label1\" content=\"Est. reading time\" \/>\n\t<meta name=\"twitter:data1\" content=\"2 minutes\" \/>\n<script type=\"application\/ld+json\" class=\"yoast-schema-graph\">{\"@context\":\"https:\/\/schema.org\",\"@graph\":[{\"@type\":\"WebPage\",\"@id\":\"https:\/\/mistertrack.com\/do\/herramienta-de-gestion-de-crisis\/\",\"url\":\"https:\/\/mistertrack.com\/do\/herramienta-de-gestion-de-crisis\/\",\"name\":\"Mister Track, la innovadora herramienta de gesti\u00f3n de crisis.\",\"isPartOf\":{\"@id\":\"https:\/\/mistertrack.com\/do\/#website\"},\"primaryImageOfPage\":{\"@id\":\"https:\/\/mistertrack.com\/do\/herramienta-de-gestion-de-crisis\/#primaryimage\"},\"image\":{\"@id\":\"https:\/\/mistertrack.com\/do\/herramienta-de-gestion-de-crisis\/#primaryimage\"},\"thumbnailUrl\":\"https:\/\/mistertrack.com\/wp-content\/uploads\/2019\/02\/Mister-Track-gestion-de-crise-1.png\",\"datePublished\":\"2021-06-23T02:32:00+00:00\",\"dateModified\":\"2021-06-24T23:58:25+00:00\",\"description\":\"Balizas GPS aut\u00f3nomas para la gesti\u00f3n de crisis. La innovadora soluci\u00f3n de geolocalizaci\u00f3n y monitoreo en tiempo real dedicada a la gesti\u00f3n de crisis.\",\"breadcrumb\":{\"@id\":\"https:\/\/mistertrack.com\/do\/herramienta-de-gestion-de-crisis\/#breadcrumb\"},\"inLanguage\":\"es-DO\u200b\",\"potentialAction\":[{\"@type\":\"ReadAction\",\"target\":[\"https:\/\/mistertrack.com\/do\/herramienta-de-gestion-de-crisis\/\"]}]},{\"@type\":\"ImageObject\",\"inLanguage\":\"es-DO\u200b\",\"@id\":\"https:\/\/mistertrack.com\/do\/herramienta-de-gestion-de-crisis\/#primaryimage\",\"url\":\"https:\/\/mistertrack.com\/wp-content\/uploads\/2019\/02\/Mister-Track-gestion-de-crise-1.png\",\"contentUrl\":\"https:\/\/mistertrack.com\/wp-content\/uploads\/2019\/02\/Mister-Track-gestion-de-crise-1.png\",\"width\":1269,\"height\":850,\"caption\":\"Balizas GPS autonomas para gestion de crisis\"},{\"@type\":\"BreadcrumbList\",\"@id\":\"https:\/\/mistertrack.com\/do\/herramienta-de-gestion-de-crisis\/#breadcrumb\",\"itemListElement\":[{\"@type\":\"ListItem\",\"position\":1,\"name\":\"Accueil\",\"item\":\"https:\/\/mistertrack.com\/do\/\"},{\"@type\":\"ListItem\",\"position\":2,\"name\":\"Mister Track, la innovadora herramienta de gesti\u00f3n de crisis.\"}]},{\"@type\":\"WebSite\",\"@id\":\"https:\/\/mistertrack.com\/do\/#website\",\"url\":\"https:\/\/mistertrack.com\/do\/\",\"name\":\"Mister Track\",\"description\":\"Just another WordPress site\",\"potentialAction\":[{\"@type\":\"SearchAction\",\"target\":{\"@type\":\"EntryPoint\",\"urlTemplate\":\"https:\/\/mistertrack.com\/do\/?s={search_term_string}\"},\"query-input\":{\"@type\":\"PropertyValueSpecification\",\"valueRequired\":true,\"valueName\":\"search_term_string\"}}],\"inLanguage\":\"es-DO\u200b\"}]}<\/script>\n<!-- \/ Yoast SEO Premium plugin. -->","yoast_head_json":{"title":"Mister Track, la innovadora herramienta de gesti\u00f3n de crisis.","description":"Balizas GPS aut\u00f3nomas para la gesti\u00f3n de crisis. La innovadora soluci\u00f3n de geolocalizaci\u00f3n y monitoreo en tiempo real dedicada a la gesti\u00f3n de crisis.","robots":{"index":"index","follow":"follow","max-snippet":"max-snippet:-1","max-image-preview":"max-image-preview:large","max-video-preview":"max-video-preview:-1"},"canonical":"https:\/\/mistertrack.com\/do\/herramienta-de-gestion-de-crisis\/","og_locale":"es_ES","og_type":"article","og_title":"Mister Track, la innovadora herramienta de gesti\u00f3n de crisis.","og_description":"Balizas GPS aut\u00f3nomas para la gesti\u00f3n de crisis. La innovadora soluci\u00f3n de geolocalizaci\u00f3n y monitoreo en tiempo real dedicada a la gesti\u00f3n de crisis.","og_url":"https:\/\/mistertrack.com\/do\/herramienta-de-gestion-de-crisis\/","og_site_name":"Mister Track","article_modified_time":"2021-06-24T23:58:25+00:00","og_image":[{"width":1269,"height":850,"url":"https:\/\/mistertrack.com\/wp-content\/uploads\/2019\/02\/Mister-Track-gestion-de-crise-1.png","type":"image\/png"}],"twitter_card":"summary_large_image","twitter_misc":{"Est. reading time":"2 minutes"},"schema":{"@context":"https:\/\/schema.org","@graph":[{"@type":"WebPage","@id":"https:\/\/mistertrack.com\/do\/herramienta-de-gestion-de-crisis\/","url":"https:\/\/mistertrack.com\/do\/herramienta-de-gestion-de-crisis\/","name":"Mister Track, la innovadora herramienta de gesti\u00f3n de crisis.","isPartOf":{"@id":"https:\/\/mistertrack.com\/do\/#website"},"primaryImageOfPage":{"@id":"https:\/\/mistertrack.com\/do\/herramienta-de-gestion-de-crisis\/#primaryimage"},"image":{"@id":"https:\/\/mistertrack.com\/do\/herramienta-de-gestion-de-crisis\/#primaryimage"},"thumbnailUrl":"https:\/\/mistertrack.com\/wp-content\/uploads\/2019\/02\/Mister-Track-gestion-de-crise-1.png","datePublished":"2021-06-23T02:32:00+00:00","dateModified":"2021-06-24T23:58:25+00:00","description":"Balizas GPS aut\u00f3nomas para la gesti\u00f3n de crisis. La innovadora soluci\u00f3n de geolocalizaci\u00f3n y monitoreo en tiempo real dedicada a la gesti\u00f3n de crisis.","breadcrumb":{"@id":"https:\/\/mistertrack.com\/do\/herramienta-de-gestion-de-crisis\/#breadcrumb"},"inLanguage":"es-DO\u200b","potentialAction":[{"@type":"ReadAction","target":["https:\/\/mistertrack.com\/do\/herramienta-de-gestion-de-crisis\/"]}]},{"@type":"ImageObject","inLanguage":"es-DO\u200b","@id":"https:\/\/mistertrack.com\/do\/herramienta-de-gestion-de-crisis\/#primaryimage","url":"https:\/\/mistertrack.com\/wp-content\/uploads\/2019\/02\/Mister-Track-gestion-de-crise-1.png","contentUrl":"https:\/\/mistertrack.com\/wp-content\/uploads\/2019\/02\/Mister-Track-gestion-de-crise-1.png","width":1269,"height":850,"caption":"Balizas GPS autonomas para gestion de crisis"},{"@type":"BreadcrumbList","@id":"https:\/\/mistertrack.com\/do\/herramienta-de-gestion-de-crisis\/#breadcrumb","itemListElement":[{"@type":"ListItem","position":1,"name":"Accueil","item":"https:\/\/mistertrack.com\/do\/"},{"@type":"ListItem","position":2,"name":"Mister Track, la innovadora herramienta de gesti\u00f3n de crisis."}]},{"@type":"WebSite","@id":"https:\/\/mistertrack.com\/do\/#website","url":"https:\/\/mistertrack.com\/do\/","name":"Mister Track","description":"Just another WordPress site","potentialAction":[{"@type":"SearchAction","target":{"@type":"EntryPoint","urlTemplate":"https:\/\/mistertrack.com\/do\/?s={search_term_string}"},"query-input":{"@type":"PropertyValueSpecification","valueRequired":true,"valueName":"search_term_string"}}],"inLanguage":"es-DO\u200b"}]}},"_links":{"self":[{"href":"https:\/\/mistertrack.com\/do\/wp-json\/wp\/v2\/pages\/7935","targetHints":{"allow":["GET"]}}],"collection":[{"href":"https:\/\/mistertrack.com\/do\/wp-json\/wp\/v2\/pages"}],"about":[{"href":"https:\/\/mistertrack.com\/do\/wp-json\/wp\/v2\/types\/page"}],"author":[{"embeddable":true,"href":"https:\/\/mistertrack.com\/do\/wp-json\/wp\/v2\/users\/6"}],"replies":[{"embeddable":true,"href":"https:\/\/mistertrack.com\/do\/wp-json\/wp\/v2\/comments?post=7935"}],"version-history":[{"count":11,"href":"https:\/\/mistertrack.com\/do\/wp-json\/wp\/v2\/pages\/7935\/revisions"}],"predecessor-version":[{"id":9194,"href":"https:\/\/mistertrack.com\/do\/wp-json\/wp\/v2\/pages\/7935\/revisions\/9194"}],"wp:featuredmedia":[{"embeddable":true,"href":"https:\/\/mistertrack.com\/do\/wp-json\/wp\/v2\/media\/7936"}],"wp:attachment":[{"href":"https:\/\/mistertrack.com\/do\/wp-json\/wp\/v2\/media?parent=7935"}],"curies":[{"name":"wp","href":"https:\/\/api.w.org\/{rel}","templated":true}]}}