{"id":743,"date":"2017-01-19T10:28:18","date_gmt":"2017-01-19T10:28:18","guid":{"rendered":"http:\/\/www.mistertrack.com\/fr\/?post_type=product&#038;p=743"},"modified":"2024-12-03T14:47:03","modified_gmt":"2024-12-03T14:47:03","slug":"acheter-mister-track","status":"publish","type":"product","link":"https:\/\/mistertrack.com\/do\/producto\/acheter-mister-track\/","title":{"rendered":"Acheter traceur GPS Mister Track"},"content":{"rendered":"<h3><strong>Caract\u00e9ristiques techniques des balises GPS Mister Track<\/strong><\/h3>\n<table dir=\"ltr\" style=\"height: 214px;\" border=\"1\" cellspacing=\"0\" cellpadding=\"0\">\n<colgroup>\n<col width=\"100\" \/>\n<col width=\"140\" \/>\n<col width=\"125\" \/><\/colgroup>\n<tbody>\n<tr>\n<td style=\"text-align: center; width: 98px;\"><\/td>\n<td style=\"text-align: center; width: 138px;\" data-sheets-value=\"{\"><strong>MT 2650<\/strong><\/td>\n<td style=\"text-align: center; width: 164px;\" data-sheets-value=\"{\"><strong>MT 7000<\/strong><\/td>\n<td style=\"text-align: center; width: 191px;\" data-sheets-value=\"{\"><strong>MT 10000<\/strong><\/td>\n<\/tr>\n<tr>\n<td style=\"width: 98px;\" data-sheets-value=\"{\"><strong>Batterie<\/strong><\/td>\n<td style=\"text-align: center; width: 138px;\" data-sheets-value=\"{\">2650 MaH<\/td>\n<td style=\"text-align: center; width: 164px;\" data-sheets-value=\"{\">\u00a07000 MaH<\/td>\n<td style=\"text-align: center; width: 191px;\" data-sheets-value=\"{\">10000 MaH<\/td>\n<\/tr>\n<tr>\n<td style=\"width: 98px;\" data-sheets-value=\"{\"><strong>Autonomie<\/strong><\/td>\n<td style=\"text-align: center; width: 138px;\" data-sheets-value=\"{\">8 jours *<\/td>\n<td style=\"text-align: center; width: 164px;\" data-sheets-value=\"{\">\u00a03 semaines *<\/td>\n<td style=\"text-align: center; width: 191px;\" data-sheets-value=\"{\">5 semaines *<\/td>\n<\/tr>\n<tr>\n<td style=\"width: 98px;\" data-sheets-value=\"{\"><strong>Taille<\/strong><\/td>\n<td style=\"text-align: center; width: 138px;\" data-sheets-value=\"{\">75x40x20mm<\/td>\n<td style=\"text-align: center; width: 164px;\" data-sheets-value=\"{\">75x40x36mm<\/td>\n<td style=\"text-align: center; width: 191px;\" data-sheets-value=\"{\">75x56x36mm<\/td>\n<\/tr>\n<tr>\n<td style=\"width: 98px;\" data-sheets-value=\"{\"><strong>Etanch\u00e9it\u00e9<\/strong><\/td>\n<td style=\"text-align: center; width: 138px;\" data-sheets-value=\"{\">Oui<\/td>\n<td style=\"text-align: center; width: 164px;\" data-sheets-value=\"{\">\u00a0Oui<\/td>\n<td style=\"text-align: center; width: 191px;\" data-sheets-value=\"{\">Oui<\/td>\n<\/tr>\n<tr>\n<td style=\"width: 98px;\" data-sheets-value=\"{\"><strong>Poids<\/strong><\/td>\n<td style=\"text-align: center; width: 138px;\" data-sheets-value=\"{\">100g<\/td>\n<td style=\"text-align: center; width: 164px;\" data-sheets-value=\"{\">\u00a0275g<\/td>\n<td style=\"text-align: center; width: 191px;\" data-sheets-value=\"{\">325g<\/td>\n<\/tr>\n<tr>\n<td style=\"width: 98px;\" data-sheets-value=\"{\"><strong>Aimant<\/strong><\/td>\n<td style=\"text-align: center; width: 138px;\" data-sheets-value=\"{\">0<\/td>\n<td style=\"text-align: center; width: 164px;\" data-sheets-value=\"{\">\u00a02<\/td>\n<td style=\"text-align: center; width: 191px;\" data-sheets-value=\"{\">2<\/td>\n<\/tr>\n<tr>\n<td style=\"width: 98px;\" data-sheets-value=\"{\"><strong>Chargement<\/strong><\/td>\n<td style=\"text-align: center; width: 138px;\" data-sheets-value=\"{\">Induction<\/td>\n<td style=\"text-align: center; width: 164px;\" data-sheets-value=\"{\">Induction<\/td>\n<td style=\"text-align: center; width: 191px;\" data-sheets-value=\"{\">Induction<\/td>\n<\/tr>\n<\/tbody>\n<\/table>\n<h3>*Voir les caract\u00e9ristiques compl\u00e8tes<\/h3>\n<ul>\n<li><a href=\"https:\/\/mistertrack.com\/wp-content\/uploads\/2021\/05\/TRACEUR-GPS-MISTER-TRACK-MT2650.pdf\" target=\"_blank\" rel=\"noopener\">MT 2650<\/a><\/li>\n<li><a href=\"https:\/\/mistertrack.com\/wp-content\/uploads\/2021\/05\/TRACEUR-GPS-MISTER-TRACK-MT7000.pdf\" target=\"_blank\" rel=\"noopener\">MT 7000<\/a><\/li>\n<li><a href=\"https:\/\/mistertrack.com\/wp-content\/uploads\/2021\/05\/TRACEUR-GPS-MISTER-TRACK-MT10000-2.pdf\" target=\"_blank\" rel=\"noopener\">MT 10000<\/a><\/li>\n<\/ul>\n<h3>Liste de couverture du service Mister Track<\/h3>\n<p><a href=\"https:\/\/mistertrack.com\/wp-content\/uploads\/2018\/09\/Liste-de-couverture-du-service-Mister-Track.pdf\" target=\"_blank\" rel=\"noopener noreferrer\">Voir la liste des pays autoris\u00e9s.<\/a><\/p>\n<h3><strong>Caract\u00e9ristiques techniques du bracelet traceur GPS<\/strong><\/h3>\n<p><a href=\"https:\/\/mistertrack.com\/bracelet-traceur-gps-senior\/\" target=\"_blank\" rel=\"noopener\"><span style=\"color: #365f91;\">Bracelet traceur GPS pour s\u00e9nior<\/span><\/a><\/p>\n<ul>\n<li>Taille: 65 x 42 x 20 mm<\/li>\n<li>Poids: 73g<\/li>\n<li>Capacit\u00e9 de la batterie: 1000 mAh \u2013 96h<\/li>\n<li>Etanche IP67<\/li>\n<li>Garantie 1 an<\/li>\n<\/ul>\n<h3>Nous contacter<\/h3>\n<p>Vous souhaitez avoir plus d\u2019informations sur la location ou l\u2019achat de votre balise GPS Mister Track ? Nous sommes \u00e0 votre disposition pour r\u00e9pondre \u00e0 vos questions.<\/p>\n<p><a href=\"mailto:contact@mistertrack.com\" target=\"_blank\" rel=\"noopener\"><span style=\"color: #365f91;\">contact@mistertrack.com<\/span><\/a><\/p>\n<p><span style=\"color: #365f91;\"><a style=\"color: #365f91;\" href=\"https:\/\/wa.me\/33768982446\" target=\"_blank\" rel=\"noopener\">W\/App: +33 7 68 98 24 46<\/a><\/span><\/p>\n<p><span style=\"color: #365f91;\"><a style=\"color: #365f91;\" href=\"https:\/\/wa.me\/33768982446\" target=\"_blank\" rel=\"noopener\">https:\/\/wa.me\/33768982446<\/a><\/span><\/p>\n","protected":false},"excerpt":{"rendered":"<p>&nbsp;<\/p>\n<p>Nous vous offrons la possibilit\u00e9 d&#8217;acheter votre balise GPS Mister Track. Quatre mod\u00e8les disponibles :<\/p>\n<ul>\n<li><strong>MT 2650<\/strong> : autonomie jusqu&#8217;\u00e0 5000 positions<\/li>\n<li><b>MT 7000<\/b> : autonomie jusqu&#8217;\u00e0 15000 positions<\/li>\n<li><strong>MT 10000<\/strong>\u00a0: autonomie jusqu\u2019\u00e0 22000 positions.<\/li>\n<li><strong>MT Bracelet GPS<\/strong> : voir la pr\u00e9sentation du <span style=\"color: #365f91;\"><a style=\"color: #365f91;\" href=\"https:\/\/mistertrack.com\/bracelet-traceur-gps-senior\/\" target=\"_blank\" rel=\"noopener\">Bracelet traceur GPS pour s\u00e9nior<\/a><\/span><\/li>\n<\/ul>\n<p><strong><em>Pour une commande sup\u00e9rieure \u00e0 10 balises GPS, merci de nous <a href=\"https:\/\/mistertrack.com\/contact\/\" target=\"_blank\" rel=\"noopener\"><span style=\"color: #365f91;\">contacter<\/span><\/a> pour la r\u00e9alisation d&#8217;un devis.<\/em><\/strong><\/p>\n<p><strong>Forfait Monde par unit\u00e9: 15\u20ac TTC\/mois. <\/strong>Le forfait comprend\u00a0l\u2019acc\u00e8s \u00e0 la plateforme, applications iOS et Android, carte sim m2m multi-op\u00e9rateurs avec couverture mondiale, tracking illimit\u00e9, alertes et messages illimit\u00e9s, g\u00e9olocalisation des utilisateurs, groupes de travail, anonymat total, aide \u00e0 la configuration de la balise GPS, <a href=\"https:\/\/mistertrack.com\/contact\/\" target=\"_blank\" rel=\"noopener\"><span style=\"color: #365f91;\">service client 24\/7<\/span><\/a> .<\/p>\n<p>Sans\u00a0engagement de dur\u00e9e (paiement annuel ou en plusieurs fois sans frais). <b>Nous contacter pour souscription du forfait.<\/b><\/p>\n<p><strong>En cliquant sur &#8220;ajouter au panier&#8221;, vous acceptez explicitement et sans conditions les <a href=\"https:\/\/mistertrack.com\/conditions-generales-de-vente\/\" target=\"_blank\" rel=\"noopener noreferrer\"><span style=\"color: #365f91;\">Conditions G\u00e9n\u00e9rales de Vente<\/span><\/a>.\u00a0<\/strong><\/p>\n<h3>Inclus dans le colis :<\/h3>\n<ul>\n<li>Votre balise GPS MisterTrack<\/li>\n<li>Un chargeur \u00e0 induction QI capable de recharger les smartphones compatibles<\/li>\n<\/ul>\n","protected":false},"featured_media":11389,"template":"","meta":{"inline_featured_image":false},"etheme_brands":[],"product_brand":[],"product_cat":[104],"product_tag":[],"class_list":{"0":"post-743","1":"product","2":"type-product","3":"status-publish","4":"has-post-thumbnail","6":"product_cat-non-classe","7":"product_shipping_class-achat","9":"first","10":"instock","11":"taxable","12":"shipping-taxable","13":"purchasable","14":"product-type-variable"},"yoast_head":"<!-- This site is optimized with the Yoast SEO Premium plugin v26.8 (Yoast SEO v26.8) - https:\/\/yoast.com\/product\/yoast-seo-premium-wordpress\/ -->\n<title>Achetez votre traceur GPS autonome Mister Track<\/title>\n<meta name=\"description\" content=\"Achetez votre Traceur GPS Mister Track. Nous proposons diff\u00e9rents mod\u00e8les de balises GPS autonomes professionnelles pour g\u00e9olocaliser et suivre en temps r\u00e9el les personnes et les biens.\" \/>\n<meta name=\"robots\" content=\"index, follow, max-snippet:-1, max-image-preview:large, max-video-preview:-1\" \/>\n<link rel=\"canonical\" href=\"https:\/\/mistertrack.com\/do\/producto\/acheter-mister-track\/\" \/>\n<meta property=\"og:locale\" content=\"es_ES\" \/>\n<meta property=\"og:type\" content=\"article\" \/>\n<meta property=\"og:title\" content=\"Acheter traceur GPS Mister Track\" \/>\n<meta property=\"og:description\" content=\"Achetez votre Traceur GPS Mister Track. Nous proposons diff\u00e9rents mod\u00e8les de balises GPS autonomes professionnelles pour g\u00e9olocaliser et suivre en temps r\u00e9el les personnes et les biens.\" \/>\n<meta property=\"og:url\" content=\"https:\/\/mistertrack.com\/do\/producto\/acheter-mister-track\/\" \/>\n<meta property=\"og:site_name\" content=\"Mister Track\" \/>\n<meta property=\"article:modified_time\" content=\"2024-12-03T14:47:03+00:00\" \/>\n<meta property=\"og:image\" content=\"https:\/\/mistertrack.com\/wp-content\/uploads\/2017\/01\/EABF7E68-0EC0-49D4-8D85-C3D2D8A3613C.jpeg\" \/>\n\t<meta property=\"og:image:width\" content=\"725\" \/>\n\t<meta property=\"og:image:height\" content=\"564\" \/>\n\t<meta property=\"og:image:type\" content=\"image\/jpeg\" \/>\n<meta name=\"twitter:card\" content=\"summary_large_image\" \/>\n<meta name=\"twitter:label1\" content=\"Availability\" \/>\n\t<meta name=\"twitter:data1\" content=\"In stock\" \/>\n<script type=\"application\/ld+json\" class=\"yoast-schema-graph\">{\"@context\":\"https:\/\/schema.org\",\"@graph\":[{\"@type\":\"WebPage\",\"@id\":\"https:\/\/mistertrack.com\/do\/producto\/acheter-mister-track\/\",\"url\":\"https:\/\/mistertrack.com\/do\/producto\/acheter-mister-track\/\",\"name\":\"Achetez votre traceur GPS autonome Mister Track\",\"isPartOf\":{\"@id\":\"https:\/\/mistertrack.com\/do\/#website\"},\"primaryImageOfPage\":{\"@id\":\"https:\/\/mistertrack.com\/do\/producto\/acheter-mister-track\/#primaryimage\"},\"image\":{\"@id\":\"https:\/\/mistertrack.com\/do\/producto\/acheter-mister-track\/#primaryimage\"},\"thumbnailUrl\":\"https:\/\/mistertrack.com\/wp-content\/uploads\/2017\/01\/EABF7E68-0EC0-49D4-8D85-C3D2D8A3613C.jpeg\",\"datePublished\":\"2017-01-19T10:28:18+00:00\",\"dateModified\":\"2024-12-03T14:47:03+00:00\",\"description\":\"Achetez votre Traceur GPS Mister Track. Nous proposons diff\u00e9rents mod\u00e8les de balises GPS autonomes professionnelles pour g\u00e9olocaliser et suivre en temps r\u00e9el les personnes et les biens.\",\"breadcrumb\":{\"@id\":\"https:\/\/mistertrack.com\/do\/producto\/acheter-mister-track\/#breadcrumb\"},\"inLanguage\":\"es-DO\u200b\",\"potentialAction\":[{\"@type\":\"ReadAction\",\"target\":[\"https:\/\/mistertrack.com\/do\/producto\/acheter-mister-track\/\"]}]},{\"@type\":\"ImageObject\",\"inLanguage\":\"es-DO\u200b\",\"@id\":\"https:\/\/mistertrack.com\/do\/producto\/acheter-mister-track\/#primaryimage\",\"url\":\"https:\/\/mistertrack.com\/wp-content\/uploads\/2017\/01\/EABF7E68-0EC0-49D4-8D85-C3D2D8A3613C.jpeg\",\"contentUrl\":\"https:\/\/mistertrack.com\/wp-content\/uploads\/2017\/01\/EABF7E68-0EC0-49D4-8D85-C3D2D8A3613C.jpeg\",\"width\":725,\"height\":564,\"caption\":\"Traceurs-gps-autonomes\"},{\"@type\":\"BreadcrumbList\",\"@id\":\"https:\/\/mistertrack.com\/do\/producto\/acheter-mister-track\/#breadcrumb\",\"itemListElement\":[{\"@type\":\"ListItem\",\"position\":1,\"name\":\"Accueil\",\"item\":\"https:\/\/mistertrack.com\/do\/\"},{\"@type\":\"ListItem\",\"position\":2,\"name\":\"Shop\",\"item\":\"https:\/\/mistertrack.com\/en\/shop-38\/\"},{\"@type\":\"ListItem\",\"position\":3,\"name\":\"Acheter traceur GPS Mister Track\"}]},{\"@type\":\"WebSite\",\"@id\":\"https:\/\/mistertrack.com\/do\/#website\",\"url\":\"https:\/\/mistertrack.com\/do\/\",\"name\":\"Mister Track\",\"description\":\"Just another WordPress site\",\"potentialAction\":[{\"@type\":\"SearchAction\",\"target\":{\"@type\":\"EntryPoint\",\"urlTemplate\":\"https:\/\/mistertrack.com\/do\/?s={search_term_string}\"},\"query-input\":{\"@type\":\"PropertyValueSpecification\",\"valueRequired\":true,\"valueName\":\"search_term_string\"}}],\"inLanguage\":\"es-DO\u200b\"}]}<\/script>\n<meta property=\"og:availability\" content=\"instock\" \/>\n<meta property=\"product:availability\" content=\"instock\" \/>\n<meta property=\"product:condition\" content=\"new\" \/>\n<!-- \/ Yoast SEO Premium plugin. -->","yoast_head_json":{"title":"Achetez votre traceur GPS autonome Mister Track","description":"Achetez votre Traceur GPS Mister Track. Nous proposons diff\u00e9rents mod\u00e8les de balises GPS autonomes professionnelles pour g\u00e9olocaliser et suivre en temps r\u00e9el les personnes et les biens.","robots":{"index":"index","follow":"follow","max-snippet":"max-snippet:-1","max-image-preview":"max-image-preview:large","max-video-preview":"max-video-preview:-1"},"canonical":"https:\/\/mistertrack.com\/do\/producto\/acheter-mister-track\/","og_locale":"es_ES","og_type":"article","og_title":"Acheter traceur GPS Mister Track","og_description":"Achetez votre Traceur GPS Mister Track. Nous proposons diff\u00e9rents mod\u00e8les de balises GPS autonomes professionnelles pour g\u00e9olocaliser et suivre en temps r\u00e9el les personnes et les biens.","og_url":"https:\/\/mistertrack.com\/do\/producto\/acheter-mister-track\/","og_site_name":"Mister Track","article_modified_time":"2024-12-03T14:47:03+00:00","og_image":[{"width":725,"height":564,"url":"https:\/\/mistertrack.com\/wp-content\/uploads\/2017\/01\/EABF7E68-0EC0-49D4-8D85-C3D2D8A3613C.jpeg","type":"image\/jpeg"}],"twitter_card":"summary_large_image","twitter_misc":{"Availability":"In stock"},"schema":{"@context":"https:\/\/schema.org","@graph":[{"@type":"WebPage","@id":"https:\/\/mistertrack.com\/do\/producto\/acheter-mister-track\/","url":"https:\/\/mistertrack.com\/do\/producto\/acheter-mister-track\/","name":"Achetez votre traceur GPS autonome Mister Track","isPartOf":{"@id":"https:\/\/mistertrack.com\/do\/#website"},"primaryImageOfPage":{"@id":"https:\/\/mistertrack.com\/do\/producto\/acheter-mister-track\/#primaryimage"},"image":{"@id":"https:\/\/mistertrack.com\/do\/producto\/acheter-mister-track\/#primaryimage"},"thumbnailUrl":"https:\/\/mistertrack.com\/wp-content\/uploads\/2017\/01\/EABF7E68-0EC0-49D4-8D85-C3D2D8A3613C.jpeg","datePublished":"2017-01-19T10:28:18+00:00","dateModified":"2024-12-03T14:47:03+00:00","description":"Achetez votre Traceur GPS Mister Track. Nous proposons diff\u00e9rents mod\u00e8les de balises GPS autonomes professionnelles pour g\u00e9olocaliser et suivre en temps r\u00e9el les personnes et les biens.","breadcrumb":{"@id":"https:\/\/mistertrack.com\/do\/producto\/acheter-mister-track\/#breadcrumb"},"inLanguage":"es-DO\u200b","potentialAction":[{"@type":"ReadAction","target":["https:\/\/mistertrack.com\/do\/producto\/acheter-mister-track\/"]}]},{"@type":"ImageObject","inLanguage":"es-DO\u200b","@id":"https:\/\/mistertrack.com\/do\/producto\/acheter-mister-track\/#primaryimage","url":"https:\/\/mistertrack.com\/wp-content\/uploads\/2017\/01\/EABF7E68-0EC0-49D4-8D85-C3D2D8A3613C.jpeg","contentUrl":"https:\/\/mistertrack.com\/wp-content\/uploads\/2017\/01\/EABF7E68-0EC0-49D4-8D85-C3D2D8A3613C.jpeg","width":725,"height":564,"caption":"Traceurs-gps-autonomes"},{"@type":"BreadcrumbList","@id":"https:\/\/mistertrack.com\/do\/producto\/acheter-mister-track\/#breadcrumb","itemListElement":[{"@type":"ListItem","position":1,"name":"Accueil","item":"https:\/\/mistertrack.com\/do\/"},{"@type":"ListItem","position":2,"name":"Shop","item":"https:\/\/mistertrack.com\/en\/shop-38\/"},{"@type":"ListItem","position":3,"name":"Acheter traceur GPS Mister Track"}]},{"@type":"WebSite","@id":"https:\/\/mistertrack.com\/do\/#website","url":"https:\/\/mistertrack.com\/do\/","name":"Mister Track","description":"Just another WordPress site","potentialAction":[{"@type":"SearchAction","target":{"@type":"EntryPoint","urlTemplate":"https:\/\/mistertrack.com\/do\/?s={search_term_string}"},"query-input":{"@type":"PropertyValueSpecification","valueRequired":true,"valueName":"search_term_string"}}],"inLanguage":"es-DO\u200b"}]},"og_availability":"instock","product_availability":"instock","product_condition":"new"},"_links":{"self":[{"href":"https:\/\/mistertrack.com\/do\/wp-json\/wp\/v2\/product\/743","targetHints":{"allow":["GET"]}}],"collection":[{"href":"https:\/\/mistertrack.com\/do\/wp-json\/wp\/v2\/product"}],"about":[{"href":"https:\/\/mistertrack.com\/do\/wp-json\/wp\/v2\/types\/product"}],"wp:featuredmedia":[{"embeddable":true,"href":"https:\/\/mistertrack.com\/do\/wp-json\/wp\/v2\/media\/11389"}],"wp:attachment":[{"href":"https:\/\/mistertrack.com\/do\/wp-json\/wp\/v2\/media?parent=743"}],"wp:term":[{"taxonomy":"brand","embeddable":true,"href":"https:\/\/mistertrack.com\/do\/wp-json\/wp\/v2\/etheme_brands?post=743"},{"taxonomy":"product_brand","embeddable":true,"href":"https:\/\/mistertrack.com\/do\/wp-json\/wp\/v2\/product_brand?post=743"},{"taxonomy":"product_cat","embeddable":true,"href":"https:\/\/mistertrack.com\/do\/wp-json\/wp\/v2\/product_cat?post=743"},{"taxonomy":"product_tag","embeddable":true,"href":"https:\/\/mistertrack.com\/do\/wp-json\/wp\/v2\/product_tag?post=743"}],"curies":[{"name":"wp","href":"https:\/\/api.w.org\/{rel}","templated":true}]}}