{"id":8185,"date":"2017-03-09T09:19:01","date_gmt":"2017-03-09T09:19:01","guid":{"rendered":"https:\/\/mt.zagirova.net\/balise\/alquiler-localizador-gps\/"},"modified":"2022-01-08T19:36:35","modified_gmt":"2022-01-08T19:36:35","slug":"alquiler-rastreador-gps","status":"publish","type":"product","link":"https:\/\/mistertrack.com\/do\/producto\/alquiler-rastreador-gps\/","title":{"rendered":"Alquilar rastreador GPS Mister Track"},"content":{"rendered":"<h3>Caracter\u00edsticas t\u00e9cnicas de los rastreadores GPS Mister Track<\/h3>\n<table width=\"704\">\n<tbody>\n<tr>\n<td width=\"132\"><\/td>\n<td width=\"132\"><strong>MT 2650<\/strong><\/td>\n<td width=\"132\"><strong>MT 7000 S<\/strong><\/td>\n<td width=\"132\"><strong>MT 7000<\/strong><\/td>\n<td width=\"132\"><strong>MT 10000<\/strong><\/td>\n<\/tr>\n<tr>\n<td width=\"132\"><strong>Bater\u00eda<\/strong><\/td>\n<td width=\"132\">2650 MaH<\/td>\n<td width=\"132\">\u00a07000 MaH<\/td>\n<td width=\"132\">\u00a07000 MaH<\/td>\n<td width=\"132\">10000 MaH<\/td>\n<\/tr>\n<tr>\n<td width=\"132\"><strong>Autonom\u00eda<\/strong><\/td>\n<td width=\"132\">8 d\u00edas *<\/td>\n<td width=\"132\">\u00a03 semaines *<\/td>\n<td width=\"132\">\u00a03 semaines *<\/td>\n<td width=\"132\">5 semaines *<\/td>\n<\/tr>\n<tr>\n<td width=\"132\"><strong>Tama\u00f1o<\/strong><\/td>\n<td width=\"132\">75x40x20mm<\/td>\n<td width=\"132\">75x40x30mm<\/td>\n<td width=\"132\">75x40x36mm<\/td>\n<td width=\"132\">75x56x36mm<\/td>\n<\/tr>\n<tr>\n<td width=\"132\"><strong>Hermetismo<\/strong><\/td>\n<td width=\"132\">si<\/td>\n<td width=\"132\">\u00a0si<\/td>\n<td width=\"132\">\u00a0si<\/td>\n<td width=\"132\">si<\/td>\n<\/tr>\n<tr>\n<td width=\"132\"><strong>Peso<\/strong><\/td>\n<td width=\"132\">100g<\/td>\n<td width=\"132\">\u00a0175g<\/td>\n<td width=\"132\">\u00a0275g<\/td>\n<td width=\"132\">325g<\/td>\n<\/tr>\n<tr>\n<td width=\"132\"><strong>Im\u00e1n<\/strong><\/td>\n<td width=\"132\">0<\/td>\n<td width=\"132\">\u00a00<\/td>\n<td width=\"132\">\u00a02<\/td>\n<td width=\"132\">2<\/td>\n<\/tr>\n<tr>\n<td width=\"132\"><strong>Carga<\/strong><\/td>\n<td width=\"132\">Inducci\u00f3n<\/td>\n<td width=\"132\">Inducci\u00f3n<\/td>\n<td width=\"132\">Inducci\u00f3n<\/td>\n<td width=\"132\">Inducci\u00f3n<\/td>\n<\/tr>\n<\/tbody>\n<\/table>\n<h3>*Ver el detalle de las caracter\u00edsticas<\/h3>\n<ul>\n<li><a href=\"https:\/\/mistertrack.com\/wp-content\/uploads\/2021\/05\/LOCALIZADOR-GPS-MISTER-TRACK-MT2650.pdf\" target=\"_blank\" rel=\"noopener\">MT 2650<\/a><\/li>\n<li><a href=\"https:\/\/mistertrack.com\/wp-content\/uploads\/2021\/05\/LOCALIZADOR-GPS-MISTER-TRACK-MT7000.pdf\" target=\"_blank\" rel=\"noopener\">MT 7000<\/a><\/li>\n<li><a href=\"https:\/\/mistertrack.com\/wp-content\/uploads\/2021\/05\/LOCALIZADOR-GPS-MISTER-TRACK-MT7000-S.pdf\" target=\"_blank\" rel=\"noopener\">MT 7000 S<\/a><\/li>\n<li><a href=\"https:\/\/mistertrack.com\/wp-content\/uploads\/2021\/05\/LOCALIZADOR-GPS-MISTER-TRACK-MT10000.pdf\" target=\"_blank\" rel=\"noopener\">MT 10000<\/a><\/li>\n<\/ul>\n<h3>Listado de cobertura del servicio Mister Track<\/h3>\n<p><a href=\"https:\/\/mistertrack.com\/wp-content\/uploads\/2018\/09\/Listado-de-cobertura-del-servicio-Mister-Track.pdf\" target=\"_blank\" rel=\"noopener noreferrer\">Ver el listado de los paises autorizados.<\/a><\/p>\n<h3>Cont\u00e1ctenos<\/h3>\n<p>Si desea m\u00e1s informaci\u00f3n sobre el alquiler o la compra de su rastreador GPS Mister Track, no dude en contactarnos.<\/p>\n<p><span style=\"color: #800080;\"><a style=\"color: #800080;\" href=\"mailto:contact@mistertrack.com\"><span style=\"color: #3366ff;\">contact@mistertrack.com<\/span><\/a><\/span><\/p>\n<p><span style=\"color: #3366ff;\"><a style=\"color: #3366ff;\" href=\"https:\/\/wa.me\/8099917770\">W\/App: +1(809)9917770<\/a><\/span><\/p>\n","protected":false},"excerpt":{"rendered":"<h4 dir=\"ltr\" data-placeholder=\"Traduction\"><\/h4>\n<h4 id=\"tw-target-text\" class=\"tw-data-text tw-ta tw-text-small\" dir=\"ltr\" data-placeholder=\"Traduction\"><span lang=\"es\" tabindex=\"0\">\u00bfUna <strong>necesidad puntual<\/strong> de rastreadores GPS? \u00a1El alquiler es para usted!<\/span><\/h4>\n<p>Alquile un rastreador GPS profesional entregado <strong>listo para usar<\/strong> y configurable a distancia 24\/7. ( <span style=\"color: #3366ff;\"><a style=\"color: #3366ff;\" href=\"https:\/\/mistertrack.com\/es\/alquiler-en-linea-localizadores-gps-autonomos-profesionales\/\">m\u00e1s informaci\u00f3n<\/a><\/span> )<\/p>\n<p>Le proponemos cuatro modelos de rastreadores GPS\u00a0:<\/p>\n<ul>\n<li><strong>MT 2650<\/strong> : autonom\u00eda hasta 5000 posiciones. Peque\u00f1o y eficaz, el localizador GPS MT 2650 se guarda f\u00e1cilmente en un bolsillo, una caja o en cualquier otro lugar para rastrear.<\/li>\n<li><strong>MT 7000 S<\/strong> : desarrollado espec\u00edficamente para actividades deportivas. Peque\u00f1o, ligero, herm\u00e9tico y sin im\u00e1n, garantizar\u00e1 la seguridad de los deportistas durante un trail, un trekking, una carrera ciclista o cualquier otra actividad al aire libre.<\/li>\n<li><strong>MT 7000<\/strong> : autonom\u00eda hasta 15000 posiciones. Equipado de dos imanes potentes, el localizador GPS MT 7000 puede colocarse f\u00e1cilmente debajo de un coche o sobre un container met\u00e1lico.<\/li>\n<li><strong>MT 10000<\/strong>\u00a0:\u00a0autonom\u00eda hasta 22000 posiciones, este localizador es robusto con gran autonom\u00eda.<\/li>\n<\/ul>\n<p><strong>Paquete<\/strong> : Localizador y cargador inal\u00e1mbrico QI inclu\u00eddo.<\/p>\n<p><strong>Forfait<\/strong> : acceso plataforma, aplicaciones iOS y Android, tarjeta sim m2m multioperador, tracking ilimitado, alertas y mensajes ilimitados, geolocalizaci\u00f3n usuarios, grupos de trabajo, anonimato total, ayuda a la configuraci\u00f3n del localizador, <span style=\"color: #3366ff;\"><a style=\"color: #3366ff;\" href=\"https:\/\/mistertrack.com\/es\/contacto\/\">atenci\u00f3n al cliente 24\/7<\/a><\/span>.<\/p>\n<p><strong>Haciendo clic en \u00ab\u00a0a\u00f1adir a la cesta\u00a0\u00bb, acepta expl\u00edcitamente y sin condiciones las\u00a0<span style=\"color: #3366ff;\"><a style=\"color: #3366ff;\" href=\"https:\/\/mistertrack.com\/conditions-generales-de-vente\/\">Condiciones Generales de Venta<\/a><\/span>.\u00a0<\/strong><\/p>\n","protected":false},"featured_media":11305,"template":"","meta":{"inline_featured_image":false},"etheme_brands":[],"product_brand":[],"product_cat":[207],"product_tag":[],"class_list":{"0":"post-8185","1":"product","2":"type-product","3":"status-publish","4":"has-post-thumbnail","6":"product_cat-non-classe-do","7":"product_shipping_class-emplacement","9":"first","10":"instock","11":"taxable","12":"shipping-taxable","13":"purchasable","14":"product-type-variable"},"yoast_head":"<!-- This site is optimized with the Yoast SEO Premium plugin v26.8 (Yoast SEO v26.8) - https:\/\/yoast.com\/product\/yoast-seo-premium-wordpress\/ -->\n<title>Alquiler de rastreador GPS aut\u00f3nomo Mister Track<\/title>\n<meta name=\"description\" content=\"Alquiler online de rastreador GPS aut\u00f3nomo profesional a la semana, al mes o al a\u00f1o. Tres modelos con larga autonom\u00eda : el MT 2650, el MT 7000 o el MT 10000\" \/>\n<meta name=\"robots\" content=\"index, follow, max-snippet:-1, max-image-preview:large, max-video-preview:-1\" \/>\n<link rel=\"canonical\" href=\"https:\/\/mistertrack.com\/do\/producto\/alquiler-rastreador-gps\/\" \/>\n<meta property=\"og:locale\" content=\"es_ES\" \/>\n<meta property=\"og:type\" content=\"article\" \/>\n<meta property=\"og:title\" content=\"Alquilar rastreador GPS Mister Track\" \/>\n<meta property=\"og:description\" content=\"Alquiler online de rastreador GPS aut\u00f3nomo profesional a la semana, al mes o al a\u00f1o. Tres modelos con larga autonom\u00eda : el MT 2650, el MT 7000 o el MT 10000\" \/>\n<meta property=\"og:url\" content=\"https:\/\/mistertrack.com\/do\/producto\/alquiler-rastreador-gps\/\" \/>\n<meta property=\"og:site_name\" content=\"Mister Track\" \/>\n<meta property=\"article:modified_time\" content=\"2022-01-08T19:36:35+00:00\" \/>\n<meta property=\"og:image\" content=\"https:\/\/mistertrack.com\/wp-content\/uploads\/2017\/03\/EEAC2797-EE9B-4E07-A09D-23F5E4BCE5A3-e1642533190100.jpeg\" \/>\n\t<meta property=\"og:image:width\" content=\"1200\" \/>\n\t<meta property=\"og:image:height\" content=\"778\" \/>\n\t<meta property=\"og:image:type\" content=\"image\/jpeg\" \/>\n<meta name=\"twitter:card\" content=\"summary_large_image\" \/>\n<meta name=\"twitter:label1\" content=\"Availability\" \/>\n\t<meta name=\"twitter:data1\" content=\"In stock\" \/>\n<script type=\"application\/ld+json\" class=\"yoast-schema-graph\">{\"@context\":\"https:\/\/schema.org\",\"@graph\":[{\"@type\":\"WebPage\",\"@id\":\"https:\/\/mistertrack.com\/do\/producto\/alquiler-rastreador-gps\/\",\"url\":\"https:\/\/mistertrack.com\/do\/producto\/alquiler-rastreador-gps\/\",\"name\":\"Alquiler de rastreador GPS aut\u00f3nomo Mister Track\",\"isPartOf\":{\"@id\":\"https:\/\/mistertrack.com\/do\/#website\"},\"primaryImageOfPage\":{\"@id\":\"https:\/\/mistertrack.com\/do\/producto\/alquiler-rastreador-gps\/#primaryimage\"},\"image\":{\"@id\":\"https:\/\/mistertrack.com\/do\/producto\/alquiler-rastreador-gps\/#primaryimage\"},\"thumbnailUrl\":\"https:\/\/mistertrack.com\/wp-content\/uploads\/2017\/03\/EEAC2797-EE9B-4E07-A09D-23F5E4BCE5A3-e1642533190100.jpeg\",\"datePublished\":\"2017-03-09T09:19:01+00:00\",\"dateModified\":\"2022-01-08T19:36:35+00:00\",\"description\":\"Alquiler online de rastreador GPS aut\u00f3nomo profesional a la semana, al mes o al a\u00f1o. Tres modelos con larga autonom\u00eda : el MT 2650, el MT 7000 o el MT 10000\",\"breadcrumb\":{\"@id\":\"https:\/\/mistertrack.com\/do\/producto\/alquiler-rastreador-gps\/#breadcrumb\"},\"inLanguage\":\"es-DO\u200b\",\"potentialAction\":[{\"@type\":\"ReadAction\",\"target\":[\"https:\/\/mistertrack.com\/do\/producto\/alquiler-rastreador-gps\/\"]}]},{\"@type\":\"ImageObject\",\"inLanguage\":\"es-DO\u200b\",\"@id\":\"https:\/\/mistertrack.com\/do\/producto\/alquiler-rastreador-gps\/#primaryimage\",\"url\":\"https:\/\/mistertrack.com\/wp-content\/uploads\/2017\/03\/EEAC2797-EE9B-4E07-A09D-23F5E4BCE5A3-e1642533190100.jpeg\",\"contentUrl\":\"https:\/\/mistertrack.com\/wp-content\/uploads\/2017\/03\/EEAC2797-EE9B-4E07-A09D-23F5E4BCE5A3-e1642533190100.jpeg\",\"width\":1200,\"height\":778,\"caption\":\"Alquiler-online-localizador-gps\"},{\"@type\":\"BreadcrumbList\",\"@id\":\"https:\/\/mistertrack.com\/do\/producto\/alquiler-rastreador-gps\/#breadcrumb\",\"itemListElement\":[{\"@type\":\"ListItem\",\"position\":1,\"name\":\"Accueil\",\"item\":\"https:\/\/mistertrack.com\/do\/\"},{\"@type\":\"ListItem\",\"position\":2,\"name\":\"Shop\",\"item\":\"https:\/\/mistertrack.com\/en\/shop-38\/\"},{\"@type\":\"ListItem\",\"position\":3,\"name\":\"Alquilar rastreador GPS Mister Track\"}]},{\"@type\":\"WebSite\",\"@id\":\"https:\/\/mistertrack.com\/do\/#website\",\"url\":\"https:\/\/mistertrack.com\/do\/\",\"name\":\"Mister Track\",\"description\":\"Just another WordPress site\",\"potentialAction\":[{\"@type\":\"SearchAction\",\"target\":{\"@type\":\"EntryPoint\",\"urlTemplate\":\"https:\/\/mistertrack.com\/do\/?s={search_term_string}\"},\"query-input\":{\"@type\":\"PropertyValueSpecification\",\"valueRequired\":true,\"valueName\":\"search_term_string\"}}],\"inLanguage\":\"es-DO\u200b\"}]}<\/script>\n<meta property=\"og:availability\" content=\"instock\" \/>\n<meta property=\"product:availability\" content=\"instock\" \/>\n<meta property=\"product:condition\" content=\"new\" \/>\n<!-- \/ Yoast SEO Premium plugin. -->","yoast_head_json":{"title":"Alquiler de rastreador GPS aut\u00f3nomo Mister Track","description":"Alquiler online de rastreador GPS aut\u00f3nomo profesional a la semana, al mes o al a\u00f1o. Tres modelos con larga autonom\u00eda : el MT 2650, el MT 7000 o el MT 10000","robots":{"index":"index","follow":"follow","max-snippet":"max-snippet:-1","max-image-preview":"max-image-preview:large","max-video-preview":"max-video-preview:-1"},"canonical":"https:\/\/mistertrack.com\/do\/producto\/alquiler-rastreador-gps\/","og_locale":"es_ES","og_type":"article","og_title":"Alquilar rastreador GPS Mister Track","og_description":"Alquiler online de rastreador GPS aut\u00f3nomo profesional a la semana, al mes o al a\u00f1o. Tres modelos con larga autonom\u00eda : el MT 2650, el MT 7000 o el MT 10000","og_url":"https:\/\/mistertrack.com\/do\/producto\/alquiler-rastreador-gps\/","og_site_name":"Mister Track","article_modified_time":"2022-01-08T19:36:35+00:00","og_image":[{"width":1200,"height":778,"url":"https:\/\/mistertrack.com\/wp-content\/uploads\/2017\/03\/EEAC2797-EE9B-4E07-A09D-23F5E4BCE5A3-e1642533190100.jpeg","type":"image\/jpeg"}],"twitter_card":"summary_large_image","twitter_misc":{"Availability":"In stock"},"schema":{"@context":"https:\/\/schema.org","@graph":[{"@type":"WebPage","@id":"https:\/\/mistertrack.com\/do\/producto\/alquiler-rastreador-gps\/","url":"https:\/\/mistertrack.com\/do\/producto\/alquiler-rastreador-gps\/","name":"Alquiler de rastreador GPS aut\u00f3nomo Mister Track","isPartOf":{"@id":"https:\/\/mistertrack.com\/do\/#website"},"primaryImageOfPage":{"@id":"https:\/\/mistertrack.com\/do\/producto\/alquiler-rastreador-gps\/#primaryimage"},"image":{"@id":"https:\/\/mistertrack.com\/do\/producto\/alquiler-rastreador-gps\/#primaryimage"},"thumbnailUrl":"https:\/\/mistertrack.com\/wp-content\/uploads\/2017\/03\/EEAC2797-EE9B-4E07-A09D-23F5E4BCE5A3-e1642533190100.jpeg","datePublished":"2017-03-09T09:19:01+00:00","dateModified":"2022-01-08T19:36:35+00:00","description":"Alquiler online de rastreador GPS aut\u00f3nomo profesional a la semana, al mes o al a\u00f1o. Tres modelos con larga autonom\u00eda : el MT 2650, el MT 7000 o el MT 10000","breadcrumb":{"@id":"https:\/\/mistertrack.com\/do\/producto\/alquiler-rastreador-gps\/#breadcrumb"},"inLanguage":"es-DO\u200b","potentialAction":[{"@type":"ReadAction","target":["https:\/\/mistertrack.com\/do\/producto\/alquiler-rastreador-gps\/"]}]},{"@type":"ImageObject","inLanguage":"es-DO\u200b","@id":"https:\/\/mistertrack.com\/do\/producto\/alquiler-rastreador-gps\/#primaryimage","url":"https:\/\/mistertrack.com\/wp-content\/uploads\/2017\/03\/EEAC2797-EE9B-4E07-A09D-23F5E4BCE5A3-e1642533190100.jpeg","contentUrl":"https:\/\/mistertrack.com\/wp-content\/uploads\/2017\/03\/EEAC2797-EE9B-4E07-A09D-23F5E4BCE5A3-e1642533190100.jpeg","width":1200,"height":778,"caption":"Alquiler-online-localizador-gps"},{"@type":"BreadcrumbList","@id":"https:\/\/mistertrack.com\/do\/producto\/alquiler-rastreador-gps\/#breadcrumb","itemListElement":[{"@type":"ListItem","position":1,"name":"Accueil","item":"https:\/\/mistertrack.com\/do\/"},{"@type":"ListItem","position":2,"name":"Shop","item":"https:\/\/mistertrack.com\/en\/shop-38\/"},{"@type":"ListItem","position":3,"name":"Alquilar rastreador GPS Mister Track"}]},{"@type":"WebSite","@id":"https:\/\/mistertrack.com\/do\/#website","url":"https:\/\/mistertrack.com\/do\/","name":"Mister Track","description":"Just another WordPress site","potentialAction":[{"@type":"SearchAction","target":{"@type":"EntryPoint","urlTemplate":"https:\/\/mistertrack.com\/do\/?s={search_term_string}"},"query-input":{"@type":"PropertyValueSpecification","valueRequired":true,"valueName":"search_term_string"}}],"inLanguage":"es-DO\u200b"}]},"og_availability":"instock","product_availability":"instock","product_condition":"new"},"_links":{"self":[{"href":"https:\/\/mistertrack.com\/do\/wp-json\/wp\/v2\/product\/8185","targetHints":{"allow":["GET"]}}],"collection":[{"href":"https:\/\/mistertrack.com\/do\/wp-json\/wp\/v2\/product"}],"about":[{"href":"https:\/\/mistertrack.com\/do\/wp-json\/wp\/v2\/types\/product"}],"wp:featuredmedia":[{"embeddable":true,"href":"https:\/\/mistertrack.com\/do\/wp-json\/wp\/v2\/media\/11305"}],"wp:attachment":[{"href":"https:\/\/mistertrack.com\/do\/wp-json\/wp\/v2\/media?parent=8185"}],"wp:term":[{"taxonomy":"brand","embeddable":true,"href":"https:\/\/mistertrack.com\/do\/wp-json\/wp\/v2\/etheme_brands?post=8185"},{"taxonomy":"product_brand","embeddable":true,"href":"https:\/\/mistertrack.com\/do\/wp-json\/wp\/v2\/product_brand?post=8185"},{"taxonomy":"product_cat","embeddable":true,"href":"https:\/\/mistertrack.com\/do\/wp-json\/wp\/v2\/product_cat?post=8185"},{"taxonomy":"product_tag","embeddable":true,"href":"https:\/\/mistertrack.com\/do\/wp-json\/wp\/v2\/product_tag?post=8185"}],"curies":[{"name":"wp","href":"https:\/\/api.w.org\/{rel}","templated":true}]}}