{"id":3027,"date":"2019-02-11T15:31:20","date_gmt":"2019-02-11T15:31:20","guid":{"rendered":"http:\/\/www.mistertrack.com\/?page_id=3027\/"},"modified":"2022-01-09T10:18:23","modified_gmt":"2022-01-09T10:18:23","slug":"mister-track-innovadora-herramienta-gestion-crisis","status":"publish","type":"page","link":"https:\/\/mistertrack.com\/es\/mister-track-innovadora-herramienta-gestion-crisis\/","title":{"rendered":"Mister Track, la innovadora herramienta de gesti\u00f3n de crisis."},"content":{"rendered":"\t\t<div data-elementor-type=\"wp-page\" data-elementor-id=\"3027\" class=\"elementor elementor-3027\" data-elementor-post-type=\"page\">\n\t\t\t\t\t\t<section class=\"elementor-section elementor-top-section elementor-element elementor-element-21b6ff7c elementor-section-boxed elementor-section-height-default elementor-section-height-default\" data-id=\"21b6ff7c\" data-element_type=\"section\">\n\t\t\t\t\t\t<div class=\"elementor-container elementor-column-gap-default\">\n\t\t\t\t\t<div class=\"elementor-column elementor-col-100 elementor-top-column elementor-element elementor-element-68ca3f19\" data-id=\"68ca3f19\" data-element_type=\"column\">\n\t\t\t<div class=\"elementor-widget-wrap elementor-element-populated\">\n\t\t\t\t\t\t<div class=\"elementor-element elementor-element-30e459a8 elementor-widget elementor-widget-text-editor\" data-id=\"30e459a8\" data-element_type=\"widget\" data-widget_type=\"text-editor.default\">\n\t\t\t\t<div class=\"elementor-widget-container\">\n\t\t\t\t\t\t\t\t\t<p>Cualquier empresa u organizaci\u00f3n puede enfrentar una emergencia y para limitar el impacto, algunos deciden invertir en una herramienta de geolocalizaci\u00f3n y monitoreo en tiempo real dedicada a la gesti\u00f3n de crisis.<\/p><p>Descubra nuestra innovadora soluci\u00f3n, Mister Track pone a disposici\u00f3n de las empresas una herramienta de geolocalizaci\u00f3n y administraci\u00f3n adaptada a sus necesidades, que le permitir\u00e1 geolocalizar y asegurar veh\u00edculos, personal y equipos. Nuestra sencilla e intuitiva plataforma de monitoreo geo.mistertrack.com hace posible mejorar la supervisi\u00f3n del sistema de gesti\u00f3n de crisis, facilitar y asegurar intervenciones y monitorear el personal de campo en tiempo real.<\/p><p>El jefe de dispositivo dispone una\u00a0<strong>plataforma de supervisi\u00f3n<\/strong>\u00a0permitiendole localizar en tiempo real el personal y las balizas colocadas en los veh\u00edculos de intervenci\u00f3n.<\/p><p><img fetchpriority=\"high\" decoding=\"async\" class=\"aligncenter size-full wp-image-11098\" src=\"https:\/\/mistertrack.com\/wp-content\/uploads\/2022\/01\/C8486114-35BF-4CF5-8194-91CAB5F48328.png\" alt=\"mister-track-innovadora-herramienta-gestion-crisis\" width=\"1269\" height=\"850\" srcset=\"https:\/\/mistertrack.com\/wp-content\/uploads\/2022\/01\/C8486114-35BF-4CF5-8194-91CAB5F48328.png 1269w, https:\/\/mistertrack.com\/wp-content\/uploads\/2022\/01\/C8486114-35BF-4CF5-8194-91CAB5F48328-600x402.png 600w, https:\/\/mistertrack.com\/wp-content\/uploads\/2022\/01\/C8486114-35BF-4CF5-8194-91CAB5F48328-300x201.png 300w, https:\/\/mistertrack.com\/wp-content\/uploads\/2022\/01\/C8486114-35BF-4CF5-8194-91CAB5F48328-1024x686.png 1024w, https:\/\/mistertrack.com\/wp-content\/uploads\/2022\/01\/C8486114-35BF-4CF5-8194-91CAB5F48328-768x514.png 768w, https:\/\/mistertrack.com\/wp-content\/uploads\/2022\/01\/C8486114-35BF-4CF5-8194-91CAB5F48328-1x1.png 1w, https:\/\/mistertrack.com\/wp-content\/uploads\/2022\/01\/C8486114-35BF-4CF5-8194-91CAB5F48328-10x7.png 10w, https:\/\/mistertrack.com\/wp-content\/uploads\/2022\/01\/C8486114-35BF-4CF5-8194-91CAB5F48328-272x182.png 272w, https:\/\/mistertrack.com\/wp-content\/uploads\/2022\/01\/C8486114-35BF-4CF5-8194-91CAB5F48328-90x60.png 90w, https:\/\/mistertrack.com\/wp-content\/uploads\/2022\/01\/C8486114-35BF-4CF5-8194-91CAB5F48328-134x90.png 134w\" sizes=\"(max-width: 1269px) 100vw, 1269px\" \/><\/p><p><strong>El modo tracking\u00a0<\/strong>permite geolocalizar y seguir en tiempo real las personas y los veh\u00edculos programando una posici\u00f3n desde 10 segundos hasta una hora. Con\u00a0<strong>la ruta en tiempo real<\/strong>, cuando la baliza est\u00e9 en movimiento o parada en el mapa, ser\u00e1 posible consultar la ruta del trayecto en curso desde la \u00faltima parada y ver rapidamente las \u00faltimas rutas recorridas por el tracker.<\/p><p>Mejore la coordinaci\u00f3n de los participantes, optimice la rapidez y comparta informaci\u00f3n. Cada miembro del personal y baliza son identificados por iconos sobre el mapa. Al compartir\u00a0<strong>la posici\u00f3n GPS de su smartphone<\/strong>, podr\u00e1 geolocalizar varios usuarios y el localizador en el mismo mapa. Asimismo, podr\u00e1 crear y geolocalizar\u00a0<strong>grupos de trabajo<\/strong>\u00a0o dispositivos. Cada miembro registrado dentro del grupo puede, gracias a la aplicaci\u00f3n m\u00f3vil, localizarse, ver todo el grupo creado y\u00a0 comunicar con los diferentes actores<strong>.\u00a0<\/strong>Gracias a nuestro<strong>\u00a0s<\/strong><strong>istema de mensajer\u00eda<\/strong>\u00a0via la plataforma y via la aplicaci\u00f3n m\u00f3vil, tendr\u00e1 la posibilidad de enviar mensajes a uno o diferentes usuarios en tiempo real o al grupo de trabajo.<\/p><p>Cree zonas circulares o poligonales directamente en el mapa, se le avisar\u00e1 de las entradas y salidas de la zona. Programe alertas de movimiento, recibir\u00e1 notificaciones directamente en su smartphone, especialmente cuando dos localizadores estar\u00e1n cerca o alejados el uno del otro.<\/p><h3>Balizas GPS aut\u00f3nomas para la gesti\u00f3n de crisis.<\/h3><p>Los rastreadores GPS aut\u00f3nomos Mister Track son herm\u00e9ticos, compactos, resistentes y ligeros, cuentan con\u00a0<strong>bater\u00edas de alto rendimiento\u00a0<\/strong>y con una\u00a0<strong>larga\u00a0 autonom\u00eda<\/strong>. Nuestros localizadores GPS profesionales est\u00e1n equipados de\u00a0<strong>tarjetas sim utilizables con varios operadores<\/strong>. Su uso es ilimitado, confidencial, seguro y an\u00f3nimo.<br \/>La innovadora soluci\u00f3n de gesti\u00f3n de crisis Mister Track permite el control total de los costos de funcionamiento. Invierta a largo plazo, distribuya los rastreadores entre todos los actores de gesti\u00f3n de crisis y utilice nuestra herramienta durante los ejercicios.<\/p><ul class=\"check-m\"><li><a href=\"https:\/\/mistertrack.com\/wp-content\/uploads\/2018\/04\/Comparativo-gamas-localizadores-GPS.pdf\" target=\"_blank\" rel=\"noopener\">Comparativo gamas localizadores GPS<\/a><\/li><li><a href=\"https:\/\/mistertrack.com\/es\/localizadores-gps-autonomos\/\" target=\"_blank\" rel=\"noopener\">Rastreadores GPS aut\u00f3nomos Mister Track<\/a><\/li><li><a href=\"https:\/\/mistertrack.com\/es\/balise\/comprar-localizador-gps\/\" target=\"_blank\" rel=\"noopener\">Comprar Mister Track<\/a><\/li><li><a href=\"https:\/\/mistertrack.com\/es\/balise\/alquiler-localizador-gps\/\" target=\"_blank\" rel=\"noopener\">Alquilar\u00a0Mister Track<\/a><\/li><li><a href=\"https:\/\/mistertrack.com\/wp-content\/uploads\/2018\/04\/Presentacion-localizadores-GPS-Mister-Track-localizacion-y-recuperacion-de-vehiculos-robados.pdf\">Presentaci\u00f3n localizadores GPS Mister Track \u2013 localizaci\u00f3n y recuperaci\u00f3n de veh\u00edculos robados<\/a><\/li><\/ul>\t\t\t\t\t\t\t\t<\/div>\n\t\t\t\t<\/div>\n\t\t\t\t\t<\/div>\n\t\t<\/div>\n\t\t\t\t\t<\/div>\n\t\t<\/section>\n\t\t\t\t<\/div>\n\t\t","protected":false},"excerpt":{"rendered":"<p>Cualquier empresa u organizaci\u00f3n puede enfrentar una emergencia y para limitar el impacto, algunos deciden invertir en una herramienta de geolocalizaci\u00f3n y monitoreo en tiempo&#8230;<\/p>\n","protected":false},"author":6,"featured_media":11098,"parent":0,"menu_order":0,"comment_status":"closed","ping_status":"closed","template":"","meta":{"inline_featured_image":false,"footnotes":""},"class_list":["post-3027","page","type-page","status-publish","has-post-thumbnail","hentry"],"yoast_head":"<!-- This site is optimized with the Yoast SEO Premium plugin v26.8 (Yoast SEO v26.8) - https:\/\/yoast.com\/product\/yoast-seo-premium-wordpress\/ -->\n<title>Mister Track la innovadora herramienta de gesti\u00f3n de crisis<\/title>\n<meta name=\"description\" content=\"Balizas GPS aut\u00f3nomas para la gesti\u00f3n de crisis. La innovadora soluci\u00f3n de geolocalizaci\u00f3n y monitoreo en tiempo real dedicada a la gesti\u00f3n de crisis.\" \/>\n<meta name=\"robots\" content=\"index, follow, max-snippet:-1, max-image-preview:large, max-video-preview:-1\" \/>\n<link rel=\"canonical\" href=\"https:\/\/mistertrack.com\/es\/mister-track-innovadora-herramienta-gestion-crisis\/\" \/>\n<meta property=\"og:locale\" content=\"es_ES\" \/>\n<meta property=\"og:type\" content=\"article\" \/>\n<meta property=\"og:title\" content=\"Mister Track, la innovadora herramienta de gesti\u00f3n de crisis.\" \/>\n<meta property=\"og:description\" content=\"Balizas GPS aut\u00f3nomas para la gesti\u00f3n de crisis. La innovadora soluci\u00f3n de geolocalizaci\u00f3n y monitoreo en tiempo real dedicada a la gesti\u00f3n de crisis.\" \/>\n<meta property=\"og:url\" content=\"https:\/\/mistertrack.com\/es\/mister-track-innovadora-herramienta-gestion-crisis\/\" \/>\n<meta property=\"og:site_name\" content=\"Mister Track\" \/>\n<meta property=\"article:modified_time\" content=\"2022-01-09T10:18:23+00:00\" \/>\n<meta property=\"og:image\" content=\"https:\/\/mistertrack.com\/wp-content\/uploads\/2022\/01\/C8486114-35BF-4CF5-8194-91CAB5F48328.png\" \/>\n\t<meta property=\"og:image:width\" content=\"1269\" \/>\n\t<meta property=\"og:image:height\" content=\"850\" \/>\n\t<meta property=\"og:image:type\" content=\"image\/png\" \/>\n<meta name=\"twitter:card\" content=\"summary_large_image\" \/>\n<meta name=\"twitter:label1\" content=\"Tiempo de lectura\" \/>\n\t<meta name=\"twitter:data1\" content=\"3 minutos\" \/>\n<script type=\"application\/ld+json\" class=\"yoast-schema-graph\">{\"@context\":\"https:\/\/schema.org\",\"@graph\":[{\"@type\":\"WebPage\",\"@id\":\"https:\/\/mistertrack.com\/es\/mister-track-innovadora-herramienta-gestion-crisis\/\",\"url\":\"https:\/\/mistertrack.com\/es\/mister-track-innovadora-herramienta-gestion-crisis\/\",\"name\":\"Mister Track la innovadora herramienta de gesti\u00f3n de crisis\",\"isPartOf\":{\"@id\":\"https:\/\/mistertrack.com\/es\/#website\"},\"primaryImageOfPage\":{\"@id\":\"https:\/\/mistertrack.com\/es\/mister-track-innovadora-herramienta-gestion-crisis\/#primaryimage\"},\"image\":{\"@id\":\"https:\/\/mistertrack.com\/es\/mister-track-innovadora-herramienta-gestion-crisis\/#primaryimage\"},\"thumbnailUrl\":\"https:\/\/mistertrack.com\/wp-content\/uploads\/2022\/01\/C8486114-35BF-4CF5-8194-91CAB5F48328.png\",\"datePublished\":\"2019-02-11T15:31:20+00:00\",\"dateModified\":\"2022-01-09T10:18:23+00:00\",\"description\":\"Balizas GPS aut\u00f3nomas para la gesti\u00f3n de crisis. La innovadora soluci\u00f3n de geolocalizaci\u00f3n y monitoreo en tiempo real dedicada a la gesti\u00f3n de crisis.\",\"breadcrumb\":{\"@id\":\"https:\/\/mistertrack.com\/es\/mister-track-innovadora-herramienta-gestion-crisis\/#breadcrumb\"},\"inLanguage\":\"es\",\"potentialAction\":[{\"@type\":\"ReadAction\",\"target\":[\"https:\/\/mistertrack.com\/es\/mister-track-innovadora-herramienta-gestion-crisis\/\"]}]},{\"@type\":\"ImageObject\",\"inLanguage\":\"es\",\"@id\":\"https:\/\/mistertrack.com\/es\/mister-track-innovadora-herramienta-gestion-crisis\/#primaryimage\",\"url\":\"https:\/\/mistertrack.com\/wp-content\/uploads\/2022\/01\/C8486114-35BF-4CF5-8194-91CAB5F48328.png\",\"contentUrl\":\"https:\/\/mistertrack.com\/wp-content\/uploads\/2022\/01\/C8486114-35BF-4CF5-8194-91CAB5F48328.png\",\"width\":1269,\"height\":850,\"caption\":\"mister-track-innovadora-herramienta-gestion-crisis\"},{\"@type\":\"BreadcrumbList\",\"@id\":\"https:\/\/mistertrack.com\/es\/mister-track-innovadora-herramienta-gestion-crisis\/#breadcrumb\",\"itemListElement\":[{\"@type\":\"ListItem\",\"position\":1,\"name\":\"Accueil\",\"item\":\"https:\/\/mistertrack.com\/es\/\"},{\"@type\":\"ListItem\",\"position\":2,\"name\":\"Mister Track, la innovadora herramienta de gesti\u00f3n de crisis.\"}]},{\"@type\":\"WebSite\",\"@id\":\"https:\/\/mistertrack.com\/es\/#website\",\"url\":\"https:\/\/mistertrack.com\/es\/\",\"name\":\"Mister Track\",\"description\":\"Traceurs GPS autonomes haut de gamme\",\"potentialAction\":[{\"@type\":\"SearchAction\",\"target\":{\"@type\":\"EntryPoint\",\"urlTemplate\":\"https:\/\/mistertrack.com\/es\/?s={search_term_string}\"},\"query-input\":{\"@type\":\"PropertyValueSpecification\",\"valueRequired\":true,\"valueName\":\"search_term_string\"}}],\"inLanguage\":\"es\"}]}<\/script>\n<!-- \/ Yoast SEO Premium plugin. -->","yoast_head_json":{"title":"Mister Track la innovadora herramienta de gesti\u00f3n de crisis","description":"Balizas GPS aut\u00f3nomas para la gesti\u00f3n de crisis. La innovadora soluci\u00f3n de geolocalizaci\u00f3n y monitoreo en tiempo real dedicada a la gesti\u00f3n de crisis.","robots":{"index":"index","follow":"follow","max-snippet":"max-snippet:-1","max-image-preview":"max-image-preview:large","max-video-preview":"max-video-preview:-1"},"canonical":"https:\/\/mistertrack.com\/es\/mister-track-innovadora-herramienta-gestion-crisis\/","og_locale":"es_ES","og_type":"article","og_title":"Mister Track, la innovadora herramienta de gesti\u00f3n de crisis.","og_description":"Balizas GPS aut\u00f3nomas para la gesti\u00f3n de crisis. La innovadora soluci\u00f3n de geolocalizaci\u00f3n y monitoreo en tiempo real dedicada a la gesti\u00f3n de crisis.","og_url":"https:\/\/mistertrack.com\/es\/mister-track-innovadora-herramienta-gestion-crisis\/","og_site_name":"Mister Track","article_modified_time":"2022-01-09T10:18:23+00:00","og_image":[{"width":1269,"height":850,"url":"https:\/\/mistertrack.com\/wp-content\/uploads\/2022\/01\/C8486114-35BF-4CF5-8194-91CAB5F48328.png","type":"image\/png"}],"twitter_card":"summary_large_image","twitter_misc":{"Tiempo de lectura":"3 minutos"},"schema":{"@context":"https:\/\/schema.org","@graph":[{"@type":"WebPage","@id":"https:\/\/mistertrack.com\/es\/mister-track-innovadora-herramienta-gestion-crisis\/","url":"https:\/\/mistertrack.com\/es\/mister-track-innovadora-herramienta-gestion-crisis\/","name":"Mister Track la innovadora herramienta de gesti\u00f3n de crisis","isPartOf":{"@id":"https:\/\/mistertrack.com\/es\/#website"},"primaryImageOfPage":{"@id":"https:\/\/mistertrack.com\/es\/mister-track-innovadora-herramienta-gestion-crisis\/#primaryimage"},"image":{"@id":"https:\/\/mistertrack.com\/es\/mister-track-innovadora-herramienta-gestion-crisis\/#primaryimage"},"thumbnailUrl":"https:\/\/mistertrack.com\/wp-content\/uploads\/2022\/01\/C8486114-35BF-4CF5-8194-91CAB5F48328.png","datePublished":"2019-02-11T15:31:20+00:00","dateModified":"2022-01-09T10:18:23+00:00","description":"Balizas GPS aut\u00f3nomas para la gesti\u00f3n de crisis. La innovadora soluci\u00f3n de geolocalizaci\u00f3n y monitoreo en tiempo real dedicada a la gesti\u00f3n de crisis.","breadcrumb":{"@id":"https:\/\/mistertrack.com\/es\/mister-track-innovadora-herramienta-gestion-crisis\/#breadcrumb"},"inLanguage":"es","potentialAction":[{"@type":"ReadAction","target":["https:\/\/mistertrack.com\/es\/mister-track-innovadora-herramienta-gestion-crisis\/"]}]},{"@type":"ImageObject","inLanguage":"es","@id":"https:\/\/mistertrack.com\/es\/mister-track-innovadora-herramienta-gestion-crisis\/#primaryimage","url":"https:\/\/mistertrack.com\/wp-content\/uploads\/2022\/01\/C8486114-35BF-4CF5-8194-91CAB5F48328.png","contentUrl":"https:\/\/mistertrack.com\/wp-content\/uploads\/2022\/01\/C8486114-35BF-4CF5-8194-91CAB5F48328.png","width":1269,"height":850,"caption":"mister-track-innovadora-herramienta-gestion-crisis"},{"@type":"BreadcrumbList","@id":"https:\/\/mistertrack.com\/es\/mister-track-innovadora-herramienta-gestion-crisis\/#breadcrumb","itemListElement":[{"@type":"ListItem","position":1,"name":"Accueil","item":"https:\/\/mistertrack.com\/es\/"},{"@type":"ListItem","position":2,"name":"Mister Track, la innovadora herramienta de gesti\u00f3n de crisis."}]},{"@type":"WebSite","@id":"https:\/\/mistertrack.com\/es\/#website","url":"https:\/\/mistertrack.com\/es\/","name":"Mister Track","description":"Traceurs GPS autonomes haut de gamme","potentialAction":[{"@type":"SearchAction","target":{"@type":"EntryPoint","urlTemplate":"https:\/\/mistertrack.com\/es\/?s={search_term_string}"},"query-input":{"@type":"PropertyValueSpecification","valueRequired":true,"valueName":"search_term_string"}}],"inLanguage":"es"}]}},"_links":{"self":[{"href":"https:\/\/mistertrack.com\/es\/wp-json\/wp\/v2\/pages\/3027","targetHints":{"allow":["GET"]}}],"collection":[{"href":"https:\/\/mistertrack.com\/es\/wp-json\/wp\/v2\/pages"}],"about":[{"href":"https:\/\/mistertrack.com\/es\/wp-json\/wp\/v2\/types\/page"}],"author":[{"embeddable":true,"href":"https:\/\/mistertrack.com\/es\/wp-json\/wp\/v2\/users\/6"}],"replies":[{"embeddable":true,"href":"https:\/\/mistertrack.com\/es\/wp-json\/wp\/v2\/comments?post=3027"}],"version-history":[{"count":22,"href":"https:\/\/mistertrack.com\/es\/wp-json\/wp\/v2\/pages\/3027\/revisions"}],"predecessor-version":[{"id":11110,"href":"https:\/\/mistertrack.com\/es\/wp-json\/wp\/v2\/pages\/3027\/revisions\/11110"}],"wp:featuredmedia":[{"embeddable":true,"href":"https:\/\/mistertrack.com\/es\/wp-json\/wp\/v2\/media\/11098"}],"wp:attachment":[{"href":"https:\/\/mistertrack.com\/es\/wp-json\/wp\/v2\/media?parent=3027"}],"curies":[{"name":"wp","href":"https:\/\/api.w.org\/{rel}","templated":true}]}}