{"id":2373,"date":"2018-04-30T07:41:27","date_gmt":"2018-04-30T07:41:27","guid":{"rendered":"http:\/\/www.mistertrack.com\/?page_id=2373\/"},"modified":"2022-01-19T15:54:21","modified_gmt":"2022-01-19T15:54:21","slug":"balise-gps-scooter","status":"publish","type":"page","link":"https:\/\/mistertrack.com\/fr\/balise-gps-scooter\/","title":{"rendered":"Balise GPS Scooter : choisissez Mister Track"},"content":{"rendered":"<p><img fetchpriority=\"high\" decoding=\"async\" class=\"alignright wp-image-2478 size-medium\" src=\"https:\/\/mistertrack.com\/wp-content\/uploads\/2018\/05\/Traceur-GPS-scooter-269x300.png\" alt=\"Balise GPS scooter\" width=\"269\" height=\"300\" srcset=\"https:\/\/mistertrack.com\/wp-content\/uploads\/2018\/05\/Traceur-GPS-scooter-269x300.png 269w, https:\/\/mistertrack.com\/wp-content\/uploads\/2018\/05\/Traceur-GPS-scooter.png 567w\" sizes=\"(max-width: 269px) 100vw, 269px\" \/><\/p>\n<p>Choisir d\u2019utiliser un <strong>scooter <\/strong>pour ses divers d\u00e9placements est un choix qui peut vite vous co\u00fbter cher s\u2019il n\u2019est pas prot\u00e9g\u00e9 <strong>contre le vol<\/strong>.<\/p>\n<p>Dans la majorit\u00e9 des cas de vols de scooters, rares sont ceux qui sont retrouv\u00e9s et remis aux mains de leurs propri\u00e9taires. De taille petite et de poids l\u00e9ger, ils sont faciles \u00e0 transporter ou \u00e0 d\u00e9placer.<\/p>\n<p>Bien qu\u2019ils aient une alarme, celle-ci peut se d\u00e9sactiver \u00e0 votre insu et sans que vous ne soyez alert\u00e9, voici que votre scooter est d\u00e9rob\u00e9.<\/p>\n<p>Afin de vous \u00e9viter les d\u00e9sagr\u00e9ments li\u00e9s \u00e0 <strong>un vol de scooter<\/strong>, il est<strong> n\u00e9cessaire<\/strong> <strong>de le s\u00e9curiser<\/strong> contre une tentative de vol en choisissant notre solution : la balise GPS scooter de Mister Track.<\/p>\n<h2><\/h2>\n<h2>Votre balise GPS scooter Mister Track contre le vol :<\/h2>\n<p>La balise GPS scooter Mister Track vous permet d\u2019effectuer une <strong>g\u00e9olocalisation en temps r\u00e9el<\/strong> de votre scooter gr\u00e2ce aux balises professionnelles et autonomes que propose Mister Track.<\/p>\n<p>Le traceur GPS est parmi les produits les plus performants du march\u00e9 pour vous permettre de <strong>prot\u00e9ger votre scooter contre les vols<\/strong>.<\/p>\n<p><strong>Mister Track<\/strong> vous propose le mod\u00e8le de balise suivant pour vous pr\u00e9munir contre ce genre d\u2019agressions :<\/p>\n<ul>\n<li><strong>MT2650 <\/strong>: cette balise est de petite taille et p\u00e8se \u00e0 peine 100 g, <strong>tr\u00e8s l\u00e9g\u00e8re<\/strong>, elle peut discr\u00e8tement se glisser dans l\u2019un des endroits de votre scooter, par exemple sous le si\u00e8ge. Cette <strong>balise Mister Track<\/strong> a une autonomie respectable qu\u2019il faudra toutefois surveiller. <strong>Le traceur GPS scooter<\/strong> est \u00e9galement \u00e9tanche \u00e0 l\u2019eau ce qui permet de l\u2019utiliser m\u00eame en temps de pluie sans craindre qu\u2019elle ne fonctionne plus. Ainsi, vous pouvez localiser votre scooter peu importe le temps qu\u2019il fait.<\/li>\n<\/ul>\n<h2>Balise Mister Track contre le vol de scooter : fonctionnalit\u00e9s<\/h2>\n<p>La <strong>balise GPS Scooter de Mister Track<\/strong> n\u2019a pas comme unique fonction celle d\u2019\u00eatre<strong> autonome<\/strong>, d\u2019autres f<strong>onctionnalit\u00e9s<\/strong> viennent se greffer pour en faire un traceur complet et efficace.<\/p>\n<p>Gr\u00e2ce aux diverses fonctionnalit\u00e9s du <b>tracker<\/b><strong>\u00a0Mister Track<\/strong>, vous pouvez \u00eatre certain(e)s de retrouver votre scooter <strong>en cas de vol.<\/strong><\/p>\n<ul>\n<li><strong>Une alerte \u00ab sortie de zone \u00bb<\/strong> :<\/li>\n<\/ul>\n<p>Gr\u00e2ce \u00e0 une alerte que vous aurez programm\u00e9e, vous pouvez d\u00e9finir une zone de d\u00e9placements limit\u00e9e afin que la <strong>balise GPS<\/strong> vous envoie une notification vous pr\u00e9venant de mouvements suspects de votre scooter.<\/p>\n<p>Vous avez la possibilit\u00e9, gr\u00e2ce au <strong>traceur GPS Mister Track<\/strong> que vous avez fix\u00e9 sur votre scooter, de d\u00e9finir une <strong>zone de circulation limit\u00e9e<\/strong> \u00e0 vos d\u00e9placements, ainsi si votre scooter sortait de cette zone, vous recevez imm\u00e9diatement une alerte sur votre smartphone, tablette ou votre ordinateur vous pr\u00e9venant qu\u2019elle est <strong>en mouvement<\/strong> !<\/p>\n<p>Cette fonctionnalit\u00e9 est <strong>id\u00e9ale<\/strong> pour <strong>r\u00e9agir<\/strong> <strong>rapidement <\/strong>au vol de votre scooter et ainsi prendre les mesures n\u00e9cessaires pour le signaler aux autorit\u00e9s.<\/p>\n<ul>\n<li><strong>Partager la position GPS de votre moto<\/strong> :<\/li>\n<\/ul>\n<p>Une fois l\u2019application IOS et Android de Mister Track install\u00e9e, vous pouvez suivre en temps r\u00e9el les d\u00e9placements de votre scooter sur tous vos supports num\u00e9riques : smartphone, tablette ou ordinateur.<\/p>\n<p>Ainsi, une fois <strong>la balise install\u00e9e sur votre scooter<\/strong>, elle sera <strong>connect\u00e9e \u00e0 cette application<\/strong> et vous pourrez savoir o\u00f9 se trouve votre scooter \u00e0 tout moment.<\/p>\n<p>En cas de vol de votre scooter, vous pouvez <strong>partager cette position<\/strong> entre vous et le traceur <strong>avec les autorit\u00e9s<\/strong> afin qu\u2019ils puissent <strong>le retrouver<\/strong> rapidement et vous le restituer.<\/p>\n<ul>\n<li><strong>Mode sommeil :<\/strong><\/li>\n<\/ul>\n<p>Cette derni\u00e8re fonctionnalit\u00e9 est pr\u00e9sente afin de <strong>pr\u00e9server la batterie<\/strong> de votre tracker GPS. Gr\u00e2ce au mode sommeil, vous pouvez mettre le traceur GPS de votre scooter en mode veille afin d\u2019augmenter son autonomie.<\/p>\n<p>Dans le cas o\u00f9 vous subissez le<strong> vol de votre scooter<\/strong>, vous pouvez <strong>r\u00e9activer le traqueur<\/strong> imm\u00e9diatement et \u00e0 distance pour que celui-ci se remettre en <strong>mode tracking<\/strong> afin de localiser votre v\u00e9hicule.<\/p>\n<h2>Mister Track : la solution antivol qu\u2019il vous faut<\/h2>\n<p>Choisir Mister Track pour vos besoins en balises GPS, c\u2019est faire le choix d\u2019un <strong>mat\u00e9riel professionnel<\/strong>, <strong>fiable <\/strong>et <strong>autonome<\/strong>. Finies les alertes SMS, ce sont des notifications qui vous pr\u00e9viennent en cas de mouvements suspects de votre v\u00e9hicule. Gr\u00e2ce au <b>traceur<\/b>\u00a0<strong>GPS scooter Mister Track<\/strong>, vous avez un moyen simple et efficace pour garantir la s\u00e9curit\u00e9 de votre deux roues.<\/p>\n","protected":false},"excerpt":{"rendered":"<p>Choisir d\u2019utiliser un scooter pour ses divers d\u00e9placements est un choix qui peut vite vous co\u00fbter cher s\u2019il n\u2019est pas prot\u00e9g\u00e9 contre le vol. Dans&#8230;<\/p>\n","protected":false},"author":6,"featured_media":2478,"parent":0,"menu_order":0,"comment_status":"closed","ping_status":"closed","template":"","meta":{"inline_featured_image":false,"footnotes":""},"class_list":["post-2373","page","type-page","status-publish","has-post-thumbnail","hentry"],"yoast_head":"<!-- This site is optimized with the Yoast SEO Premium plugin v26.8 (Yoast SEO v26.8) - https:\/\/yoast.com\/product\/yoast-seo-premium-wordpress\/ -->\n<title>Balise GPS Scooter : traceur professionnel Mister Track<\/title>\n<meta name=\"description\" content=\"La balise GPS Mister Track est la solution antivol qu\u2019il vous faut. Installez le traceur GPS sur votre scooter et suivez ses d\u00e9placements en temps r\u00e9el.\" \/>\n<meta name=\"robots\" content=\"index, follow, max-snippet:-1, max-image-preview:large, max-video-preview:-1\" \/>\n<link rel=\"canonical\" href=\"https:\/\/mistertrack.com\/fr\/balise-gps-scooter\/\" \/>\n<meta property=\"og:locale\" content=\"fr_FR\" \/>\n<meta property=\"og:type\" content=\"article\" \/>\n<meta property=\"og:title\" content=\"Balise GPS Scooter : choisissez Mister Track\" \/>\n<meta property=\"og:description\" content=\"La balise GPS Mister Track est la solution antivol qu\u2019il vous faut. Installez le traceur GPS sur votre scooter et suivez ses d\u00e9placements en temps r\u00e9el.\" \/>\n<meta property=\"og:url\" content=\"https:\/\/mistertrack.com\/fr\/balise-gps-scooter\/\" \/>\n<meta property=\"og:site_name\" content=\"Mister Track\" \/>\n<meta property=\"article:modified_time\" content=\"2022-01-19T15:54:21+00:00\" \/>\n<meta property=\"og:image\" content=\"https:\/\/mistertrack.com\/wp-content\/uploads\/2018\/05\/Traceur-GPS-scooter.png\" \/>\n\t<meta property=\"og:image:width\" content=\"567\" \/>\n\t<meta property=\"og:image:height\" content=\"633\" \/>\n\t<meta property=\"og:image:type\" content=\"image\/png\" \/>\n<meta name=\"twitter:card\" content=\"summary_large_image\" \/>\n<meta name=\"twitter:label1\" content=\"Dur\u00e9e de lecture estim\u00e9e\" \/>\n\t<meta name=\"twitter:data1\" content=\"4 minutes\" \/>\n<script type=\"application\/ld+json\" class=\"yoast-schema-graph\">{\"@context\":\"https:\/\/schema.org\",\"@graph\":[{\"@type\":\"WebPage\",\"@id\":\"https:\/\/mistertrack.com\/fr\/balise-gps-scooter\/\",\"url\":\"https:\/\/mistertrack.com\/fr\/balise-gps-scooter\/\",\"name\":\"Balise GPS Scooter : traceur professionnel Mister Track\",\"isPartOf\":{\"@id\":\"https:\/\/mistertrack.com\/fr\/#website\"},\"primaryImageOfPage\":{\"@id\":\"https:\/\/mistertrack.com\/fr\/balise-gps-scooter\/#primaryimage\"},\"image\":{\"@id\":\"https:\/\/mistertrack.com\/fr\/balise-gps-scooter\/#primaryimage\"},\"thumbnailUrl\":\"https:\/\/mistertrack.com\/wp-content\/uploads\/2018\/05\/Traceur-GPS-scooter.png\",\"datePublished\":\"2018-04-30T07:41:27+00:00\",\"dateModified\":\"2022-01-19T15:54:21+00:00\",\"description\":\"La balise GPS Mister Track est la solution antivol qu\u2019il vous faut. Installez le traceur GPS sur votre scooter et suivez ses d\u00e9placements en temps r\u00e9el.\",\"breadcrumb\":{\"@id\":\"https:\/\/mistertrack.com\/fr\/balise-gps-scooter\/#breadcrumb\"},\"inLanguage\":\"fr-FR\",\"potentialAction\":[{\"@type\":\"ReadAction\",\"target\":[\"https:\/\/mistertrack.com\/fr\/balise-gps-scooter\/\"]}]},{\"@type\":\"ImageObject\",\"inLanguage\":\"fr-FR\",\"@id\":\"https:\/\/mistertrack.com\/fr\/balise-gps-scooter\/#primaryimage\",\"url\":\"https:\/\/mistertrack.com\/wp-content\/uploads\/2018\/05\/Traceur-GPS-scooter.png\",\"contentUrl\":\"https:\/\/mistertrack.com\/wp-content\/uploads\/2018\/05\/Traceur-GPS-scooter.png\",\"width\":567,\"height\":633,\"caption\":\"Balise GPS MT 2650 pour scooters\"},{\"@type\":\"BreadcrumbList\",\"@id\":\"https:\/\/mistertrack.com\/fr\/balise-gps-scooter\/#breadcrumb\",\"itemListElement\":[{\"@type\":\"ListItem\",\"position\":1,\"name\":\"Accueil\",\"item\":\"https:\/\/mistertrack.com\/fr\/\"},{\"@type\":\"ListItem\",\"position\":2,\"name\":\"Balise GPS Scooter : choisissez Mister Track\"}]},{\"@type\":\"WebSite\",\"@id\":\"https:\/\/mistertrack.com\/fr\/#website\",\"url\":\"https:\/\/mistertrack.com\/fr\/\",\"name\":\"Mister Track\",\"description\":\"Traceurs GPS autonomes haut de gamme\",\"potentialAction\":[{\"@type\":\"SearchAction\",\"target\":{\"@type\":\"EntryPoint\",\"urlTemplate\":\"https:\/\/mistertrack.com\/fr\/?s={search_term_string}\"},\"query-input\":{\"@type\":\"PropertyValueSpecification\",\"valueRequired\":true,\"valueName\":\"search_term_string\"}}],\"inLanguage\":\"fr-FR\"}]}<\/script>\n<!-- \/ Yoast SEO Premium plugin. -->","yoast_head_json":{"title":"Balise GPS Scooter : traceur professionnel Mister Track","description":"La balise GPS Mister Track est la solution antivol qu\u2019il vous faut. Installez le traceur GPS sur votre scooter et suivez ses d\u00e9placements en temps r\u00e9el.","robots":{"index":"index","follow":"follow","max-snippet":"max-snippet:-1","max-image-preview":"max-image-preview:large","max-video-preview":"max-video-preview:-1"},"canonical":"https:\/\/mistertrack.com\/fr\/balise-gps-scooter\/","og_locale":"fr_FR","og_type":"article","og_title":"Balise GPS Scooter : choisissez Mister Track","og_description":"La balise GPS Mister Track est la solution antivol qu\u2019il vous faut. Installez le traceur GPS sur votre scooter et suivez ses d\u00e9placements en temps r\u00e9el.","og_url":"https:\/\/mistertrack.com\/fr\/balise-gps-scooter\/","og_site_name":"Mister Track","article_modified_time":"2022-01-19T15:54:21+00:00","og_image":[{"width":567,"height":633,"url":"https:\/\/mistertrack.com\/wp-content\/uploads\/2018\/05\/Traceur-GPS-scooter.png","type":"image\/png"}],"twitter_card":"summary_large_image","twitter_misc":{"Dur\u00e9e de lecture estim\u00e9e":"4 minutes"},"schema":{"@context":"https:\/\/schema.org","@graph":[{"@type":"WebPage","@id":"https:\/\/mistertrack.com\/fr\/balise-gps-scooter\/","url":"https:\/\/mistertrack.com\/fr\/balise-gps-scooter\/","name":"Balise GPS Scooter : traceur professionnel Mister Track","isPartOf":{"@id":"https:\/\/mistertrack.com\/fr\/#website"},"primaryImageOfPage":{"@id":"https:\/\/mistertrack.com\/fr\/balise-gps-scooter\/#primaryimage"},"image":{"@id":"https:\/\/mistertrack.com\/fr\/balise-gps-scooter\/#primaryimage"},"thumbnailUrl":"https:\/\/mistertrack.com\/wp-content\/uploads\/2018\/05\/Traceur-GPS-scooter.png","datePublished":"2018-04-30T07:41:27+00:00","dateModified":"2022-01-19T15:54:21+00:00","description":"La balise GPS Mister Track est la solution antivol qu\u2019il vous faut. Installez le traceur GPS sur votre scooter et suivez ses d\u00e9placements en temps r\u00e9el.","breadcrumb":{"@id":"https:\/\/mistertrack.com\/fr\/balise-gps-scooter\/#breadcrumb"},"inLanguage":"fr-FR","potentialAction":[{"@type":"ReadAction","target":["https:\/\/mistertrack.com\/fr\/balise-gps-scooter\/"]}]},{"@type":"ImageObject","inLanguage":"fr-FR","@id":"https:\/\/mistertrack.com\/fr\/balise-gps-scooter\/#primaryimage","url":"https:\/\/mistertrack.com\/wp-content\/uploads\/2018\/05\/Traceur-GPS-scooter.png","contentUrl":"https:\/\/mistertrack.com\/wp-content\/uploads\/2018\/05\/Traceur-GPS-scooter.png","width":567,"height":633,"caption":"Balise GPS MT 2650 pour scooters"},{"@type":"BreadcrumbList","@id":"https:\/\/mistertrack.com\/fr\/balise-gps-scooter\/#breadcrumb","itemListElement":[{"@type":"ListItem","position":1,"name":"Accueil","item":"https:\/\/mistertrack.com\/fr\/"},{"@type":"ListItem","position":2,"name":"Balise GPS Scooter : choisissez Mister Track"}]},{"@type":"WebSite","@id":"https:\/\/mistertrack.com\/fr\/#website","url":"https:\/\/mistertrack.com\/fr\/","name":"Mister Track","description":"Traceurs GPS autonomes haut de gamme","potentialAction":[{"@type":"SearchAction","target":{"@type":"EntryPoint","urlTemplate":"https:\/\/mistertrack.com\/fr\/?s={search_term_string}"},"query-input":{"@type":"PropertyValueSpecification","valueRequired":true,"valueName":"search_term_string"}}],"inLanguage":"fr-FR"}]}},"_links":{"self":[{"href":"https:\/\/mistertrack.com\/fr\/wp-json\/wp\/v2\/pages\/2373","targetHints":{"allow":["GET"]}}],"collection":[{"href":"https:\/\/mistertrack.com\/fr\/wp-json\/wp\/v2\/pages"}],"about":[{"href":"https:\/\/mistertrack.com\/fr\/wp-json\/wp\/v2\/types\/page"}],"author":[{"embeddable":true,"href":"https:\/\/mistertrack.com\/fr\/wp-json\/wp\/v2\/users\/6"}],"replies":[{"embeddable":true,"href":"https:\/\/mistertrack.com\/fr\/wp-json\/wp\/v2\/comments?post=2373"}],"version-history":[{"count":17,"href":"https:\/\/mistertrack.com\/fr\/wp-json\/wp\/v2\/pages\/2373\/revisions"}],"predecessor-version":[{"id":2492,"href":"https:\/\/mistertrack.com\/fr\/wp-json\/wp\/v2\/pages\/2373\/revisions\/2492"}],"wp:featuredmedia":[{"embeddable":true,"href":"https:\/\/mistertrack.com\/fr\/wp-json\/wp\/v2\/media\/2478"}],"wp:attachment":[{"href":"https:\/\/mistertrack.com\/fr\/wp-json\/wp\/v2\/media?parent=2373"}],"curies":[{"name":"wp","href":"https:\/\/api.w.org\/{rel}","templated":true}]}}