{"id":701,"date":"2017-01-18T15:49:53","date_gmt":"2017-01-18T15:49:53","guid":{"rendered":"http:\/\/www.mistertrack.com\/fr\/?page_id=701"},"modified":"2024-08-13T03:02:09","modified_gmt":"2024-08-13T03:02:09","slug":"contact","status":"publish","type":"page","link":"https:\/\/mistertrack.com\/fr\/contact\/","title":{"rendered":"Contact"},"content":{"rendered":"\t\t<div data-elementor-type=\"wp-page\" data-elementor-id=\"701\" class=\"elementor elementor-701\" data-elementor-post-type=\"page\">\n\t\t\t\t\t\t<section class=\"elementor-section elementor-top-section elementor-element elementor-element-3e36662 elementor-section-stretched elementor-section-content-middle elementor-section-boxed elementor-section-height-default elementor-section-height-default\" data-id=\"3e36662\" data-element_type=\"section\" data-settings=\"{&quot;stretch_section&quot;:&quot;section-stretched&quot;,&quot;background_background&quot;:&quot;classic&quot;}\">\n\t\t\t\t\t\t<div class=\"elementor-container elementor-column-gap-default\">\n\t\t\t\t\t<div class=\"elementor-column elementor-col-50 elementor-top-column elementor-element elementor-element-3ca1b97\" data-id=\"3ca1b97\" data-element_type=\"column\">\n\t\t\t<div class=\"elementor-widget-wrap elementor-element-populated\">\n\t\t\t\t\t\t<div class=\"elementor-element elementor-element-b0086a8 elementor-widget elementor-widget-image\" data-id=\"b0086a8\" data-element_type=\"widget\" data-widget_type=\"image.default\">\n\t\t\t\t<div class=\"elementor-widget-container\">\n\t\t\t\t\t\t\t\t\t\t\t\t\t\t\t<img fetchpriority=\"high\" decoding=\"async\" width=\"1024\" height=\"788\" src=\"https:\/\/mistertrack.com\/wp-content\/uploads\/xstore\/xstore-placeholder-1024x1024.png\" class=\"attachment-large size-large wp-image-5928 lazyload lazyload-simple et-lazyload-fadeIn\" alt=\"\" sizes=\"(max-width: 1024px) 100vw, 1024px\" data-src=\"https:\/\/mistertrack.com\/wp-content\/uploads\/2021\/06\/mt-woman-using-facebook-application-1024x788.jpg\" data-srcset=\"https:\/\/mistertrack.com\/wp-content\/uploads\/2021\/06\/mt-woman-using-facebook-application-1024x788.jpg 1024w, https:\/\/mistertrack.com\/wp-content\/uploads\/2021\/06\/mt-woman-using-facebook-application-600x462.jpg 600w, https:\/\/mistertrack.com\/wp-content\/uploads\/2021\/06\/mt-woman-using-facebook-application-300x231.jpg 300w, https:\/\/mistertrack.com\/wp-content\/uploads\/2021\/06\/mt-woman-using-facebook-application-768x591.jpg 768w, https:\/\/mistertrack.com\/wp-content\/uploads\/2021\/06\/mt-woman-using-facebook-application-1x1.jpg 1w, https:\/\/mistertrack.com\/wp-content\/uploads\/2021\/06\/mt-woman-using-facebook-application-10x8.jpg 10w, https:\/\/mistertrack.com\/wp-content\/uploads\/2021\/06\/mt-woman-using-facebook-application-78x60.jpg 78w, https:\/\/mistertrack.com\/wp-content\/uploads\/2021\/06\/mt-woman-using-facebook-application-117x90.jpg 117w, https:\/\/mistertrack.com\/wp-content\/uploads\/2021\/06\/mt-woman-using-facebook-application.jpg 1200w\" \/>\t\t\t\t\t\t\t\t\t\t\t\t\t\t\t<\/div>\n\t\t\t\t<\/div>\n\t\t\t\t\t<\/div>\n\t\t<\/div>\n\t\t\t\t<div class=\"elementor-column elementor-col-50 elementor-top-column elementor-element elementor-element-bf91197\" data-id=\"bf91197\" data-element_type=\"column\">\n\t\t\t<div class=\"elementor-widget-wrap elementor-element-populated\">\n\t\t\t\t\t\t<div class=\"elementor-element elementor-element-ecaebe9 elementor-widget elementor-widget-text-editor\" data-id=\"ecaebe9\" data-element_type=\"widget\" data-widget_type=\"text-editor.default\">\n\t\t\t\t<div class=\"elementor-widget-container\">\n\t\t\t\t\t\t\t\t\tVous souhaitez avoir plus d&rsquo;informations sur la location ou l&rsquo;achat de votre balise Mister Track ? Nous sommes \u00e0 votre disposition pour r\u00e9pondre \u00e0 vos questions\t\t\t\t\t\t\t\t<\/div>\n\t\t\t\t<\/div>\n\t\t\t\t<div class=\"elementor-element elementor-element-2a404aa elementor-button-align-stretch elementor-widget elementor-widget-form\" data-id=\"2a404aa\" data-element_type=\"widget\" data-settings=\"{&quot;step_next_label&quot;:&quot;Next&quot;,&quot;step_previous_label&quot;:&quot;Previous&quot;,&quot;button_width&quot;:&quot;100&quot;,&quot;step_type&quot;:&quot;number_text&quot;,&quot;step_icon_shape&quot;:&quot;circle&quot;}\" data-widget_type=\"form.default\">\n\t\t\t\t<div class=\"elementor-widget-container\">\n\t\t\t\t\t\t\t<form class=\"elementor-form\" method=\"post\" id=\"en_contact_form\" name=\"Contact Form\" aria-label=\"Contact Form\">\n\t\t\t<input type=\"hidden\" name=\"post_id\" value=\"701\"\/>\n\t\t\t<input type=\"hidden\" name=\"form_id\" value=\"2a404aa\"\/>\n\t\t\t<input type=\"hidden\" name=\"referer_title\" value=\"Contact - Mister Track\" \/>\n\n\t\t\t\t\t\t\t<input type=\"hidden\" name=\"queried_id\" value=\"701\"\/>\n\t\t\t\n\t\t\t<div class=\"elementor-form-fields-wrapper elementor-labels-\">\n\t\t\t\t\t\t\t\t<div class=\"elementor-field-type-text elementor-field-group elementor-column elementor-field-group-name elementor-col-50 elementor-field-required\">\n\t\t\t\t\t\t\t\t\t\t\t\t<label for=\"form-field-name\" class=\"elementor-field-label elementor-screen-only\">\n\t\t\t\t\t\t\t\tName\t\t\t\t\t\t\t<\/label>\n\t\t\t\t\t\t\t\t\t\t\t\t\t\t<input size=\"1\" type=\"text\" name=\"form_fields[name]\" id=\"form-field-name\" class=\"elementor-field elementor-size-md  elementor-field-textual\" placeholder=\"Ton Nom*\" required=\"required\">\n\t\t\t\t\t\t\t\t\t\t\t<\/div>\n\t\t\t\t\t\t\t\t<div class=\"elementor-field-type-text elementor-field-group elementor-column elementor-field-group-field_1ac6391 elementor-col-50\">\n\t\t\t\t\t\t\t\t\t\t\t\t<label for=\"form-field-field_1ac6391\" class=\"elementor-field-label elementor-screen-only\">\n\t\t\t\t\t\t\t\tCompany\t\t\t\t\t\t\t<\/label>\n\t\t\t\t\t\t\t\t\t\t\t\t\t\t<input size=\"1\" type=\"text\" name=\"form_fields[field_1ac6391]\" id=\"form-field-field_1ac6391\" class=\"elementor-field elementor-size-md  elementor-field-textual\" placeholder=\"Nom de Soci\u00e9t\u00e9\">\n\t\t\t\t\t\t\t\t\t\t\t<\/div>\n\t\t\t\t\t\t\t\t<div class=\"elementor-field-type-email elementor-field-group elementor-column elementor-field-group-email elementor-col-50 elementor-field-required\">\n\t\t\t\t\t\t\t\t\t\t\t\t<label for=\"form-field-email\" class=\"elementor-field-label elementor-screen-only\">\n\t\t\t\t\t\t\t\tEmail\t\t\t\t\t\t\t<\/label>\n\t\t\t\t\t\t\t\t\t\t\t\t\t\t<input size=\"1\" type=\"email\" name=\"form_fields[email]\" id=\"form-field-email\" class=\"elementor-field elementor-size-md  elementor-field-textual\" placeholder=\"Email*\" required=\"required\">\n\t\t\t\t\t\t\t\t\t\t\t<\/div>\n\t\t\t\t\t\t\t\t<div class=\"elementor-field-type-tel elementor-field-group elementor-column elementor-field-group-field_b61955b elementor-col-50 elementor-field-required\">\n\t\t\t\t\t\t\t\t\t\t\t\t<label for=\"form-field-field_b61955b\" class=\"elementor-field-label elementor-screen-only\">\n\t\t\t\t\t\t\t\tPhone\t\t\t\t\t\t\t<\/label>\n\t\t\t\t\t\t\t\t<input size=\"1\" type=\"tel\" name=\"form_fields[field_b61955b]\" id=\"form-field-field_b61955b\" class=\"elementor-field elementor-size-md  elementor-field-textual\" placeholder=\"T\u00e9l\u00e9phone*\" required=\"required\" pattern=\"[0-9()#&amp;+*-=.]+\" title=\"Only numbers and phone characters (#, -, *, etc) are accepted.\">\n\n\t\t\t\t\t\t<\/div>\n\t\t\t\t\t\t\t\t<div class=\"elementor-field-type-textarea elementor-field-group elementor-column elementor-field-group-message elementor-col-100\">\n\t\t\t\t\t\t\t\t\t\t\t\t<label for=\"form-field-message\" class=\"elementor-field-label elementor-screen-only\">\n\t\t\t\t\t\t\t\tMessage\t\t\t\t\t\t\t<\/label>\n\t\t\t\t\t\t<textarea class=\"elementor-field-textual elementor-field  elementor-size-md\" name=\"form_fields[message]\" id=\"form-field-message\" rows=\"4\" placeholder=\"Message*\"><\/textarea>\t\t\t\t<\/div>\n\t\t\t\t\t\t\t\t<div class=\"elementor-field-type-recaptcha_v3 elementor-field-group elementor-column elementor-field-group-field_4bdb901 elementor-col-100 recaptcha_v3-bottomright\">\n\t\t\t\t\t<div class=\"elementor-field\" id=\"form-field-field_4bdb901\"><div class=\"elementor-g-recaptcha\" data-sitekey=\"6LfqjyUqAAAAAIWvwBalAcSA5pVpQYvchHke0gLt\" data-type=\"v3\" data-action=\"Form\" data-badge=\"bottomright\" data-size=\"invisible\"><\/div><\/div>\t\t\t\t<\/div>\n\t\t\t\t\t\t\t\t<div class=\"elementor-field-group elementor-column elementor-field-type-submit elementor-col-100 e-form__buttons\">\n\t\t\t\t\t<button class=\"elementor-button elementor-size-md\" type=\"submit\">\n\t\t\t\t\t\t<span class=\"elementor-button-content-wrapper\">\n\t\t\t\t\t\t\t\t\t\t\t\t\t\t\t\t\t\t\t\t\t\t<span class=\"elementor-button-text\">Envoyer<\/span>\n\t\t\t\t\t\t\t\t\t\t\t\t\t<\/span>\n\t\t\t\t\t<\/button>\n\t\t\t\t<\/div>\n\t\t\t<\/div>\n\t\t<\/form>\n\t\t\t\t\t\t<\/div>\n\t\t\t\t<\/div>\n\t\t\t\t\t<\/div>\n\t\t<\/div>\n\t\t\t\t\t<\/div>\n\t\t<\/section>\n\t\t\t\t<section class=\"elementor-section elementor-top-section elementor-element elementor-element-6a153042 elementor-section-boxed elementor-section-height-default elementor-section-height-default\" data-id=\"6a153042\" data-element_type=\"section\">\n\t\t\t\t\t\t<div class=\"elementor-container elementor-column-gap-default\">\n\t\t\t\t\t<div class=\"elementor-column elementor-col-33 elementor-top-column elementor-element elementor-element-4e8b2422\" data-id=\"4e8b2422\" data-element_type=\"column\">\n\t\t\t<div class=\"elementor-widget-wrap elementor-element-populated\">\n\t\t\t\t\t\t<div class=\"elementor-element elementor-element-b1c149a elementor-widget elementor-widget-uael-infobox\" data-id=\"b1c149a\" data-element_type=\"widget\" data-widget_type=\"uael-infobox.default\">\n\t\t\t\t<div class=\"elementor-widget-container\">\n\t\t\t\t\t\n<div class=\"uael-module-content uael-infobox uael-imgicon-style-normal  infobox-has-icon uael-infobox-icon-above-title  uael-infobox-link-type-module\">\n\t<div class=\"uael-infobox-left-right-wrap\">\n\t\t\t\t\t<a href=\"mailto:contact@mistertrack.com\" target=\"_blank\" class=\"uael-infobox-module-link\" aria-label=\"Infobox Link\"><\/a>\n\t\t\t\t\t\t\t<div class=\"uael-infobox-content\">\n\t\t\t\t\t\t\t<div class=\"uael-module-content uael-imgicon-wrap \">\t\t\t\t\t\t\t\t\t\t\t\t\t\t\t\t\t\t<div class=\"uael-icon-wrap elementor-animation-\">\n\t\t\t\t\t\t\t\t<span class=\"uael-icon\">\n\t\t\t\t\t\t\t\t\t<i aria-hidden=\"true\" class=\"far fa-envelope-open\"><\/i>\t\t\t\t\t\t\t\t<\/span>\n\t\t\t\t\t\t\t<\/div>\n\t\t\t\t\t\t\t\n\t\t\t\t\t\t\t\t\t\t\t\t\t\t<\/div>\n\t\t\t\t\t\t\t<div class='uael-infobox-title-wrap'><h3 class=\"uael-infobox-title elementor-inline-editing\" data-elementor-setting-key=\"infobox_title\" data-elementor-inline-editing-toolbar=\"basic\" >E-mail<\/h3><\/div>\t\t\t\t\t\t\t\t\t<div class=\"uael-infobox-text-wrap\">\n\t\t\t\t<div class=\"uael-infobox-text elementor-inline-editing\" data-elementor-setting-key=\"infobox_description\" data-elementor-inline-editing-toolbar=\"advanced\">\n\t\t\t\t\tcontact@mistertrack.com\t\t\t\t<\/div>\n\t\t\t\t\t\n\t\t\t\t\t\t\t<\/div>\n\t\t<\/div>\n\t\t\t<\/div>\n<\/div>\n\t\t\t\t<\/div>\n\t\t\t\t<\/div>\n\t\t\t\t\t<\/div>\n\t\t<\/div>\n\t\t\t\t<div class=\"elementor-column elementor-col-33 elementor-top-column elementor-element elementor-element-d04bdfe\" data-id=\"d04bdfe\" data-element_type=\"column\">\n\t\t\t<div class=\"elementor-widget-wrap elementor-element-populated\">\n\t\t\t\t\t\t<div class=\"elementor-element elementor-element-1c136e5 elementor-widget elementor-widget-uael-infobox\" data-id=\"1c136e5\" data-element_type=\"widget\" data-widget_type=\"uael-infobox.default\">\n\t\t\t\t<div class=\"elementor-widget-container\">\n\t\t\t\t\t\n<div class=\"uael-module-content uael-infobox uael-imgicon-style-normal  infobox-has-icon uael-infobox-icon-above-title  uael-infobox-link-type-module\">\n\t<div class=\"uael-infobox-left-right-wrap\">\n\t\t\t\t\t<a href=\"tel:+33768982446\" target=\"_blank\" class=\"uael-infobox-module-link\" aria-label=\"Infobox Link\"><\/a>\n\t\t\t\t\t\t\t<div class=\"uael-infobox-content\">\n\t\t\t\t\t\t\t<div class=\"uael-module-content uael-imgicon-wrap \">\t\t\t\t\t\t\t\t\t\t\t\t\t\t\t\t\t\t<div class=\"uael-icon-wrap elementor-animation-\">\n\t\t\t\t\t\t\t\t<span class=\"uael-icon\">\n\t\t\t\t\t\t\t\t\t<i aria-hidden=\"true\" class=\"fas fa-phone-volume\"><\/i>\t\t\t\t\t\t\t\t<\/span>\n\t\t\t\t\t\t\t<\/div>\n\t\t\t\t\t\t\t\n\t\t\t\t\t\t\t\t\t\t\t\t\t\t<\/div>\n\t\t\t\t\t\t\t<div class='uael-infobox-title-wrap'><h3 class=\"uael-infobox-title elementor-inline-editing\" data-elementor-setting-key=\"infobox_title\" data-elementor-inline-editing-toolbar=\"basic\" >Appelez-nous<\/h3><\/div>\t\t\t\t\t\t\t\t\t<div class=\"uael-infobox-text-wrap\">\n\t\t\t\t<div class=\"uael-infobox-text elementor-inline-editing\" data-elementor-setting-key=\"infobox_description\" data-elementor-inline-editing-toolbar=\"advanced\">\n\t\t\t\t\t+33 7 68 98 24 46\t\t\t\t<\/div>\n\t\t\t\t\t\n\t\t\t\t\t\t\t<\/div>\n\t\t<\/div>\n\t\t\t<\/div>\n<\/div>\n\t\t\t\t<\/div>\n\t\t\t\t<\/div>\n\t\t\t\t\t<\/div>\n\t\t<\/div>\n\t\t\t\t<div class=\"elementor-column elementor-col-33 elementor-top-column elementor-element elementor-element-ca1a28d\" data-id=\"ca1a28d\" data-element_type=\"column\">\n\t\t\t<div class=\"elementor-widget-wrap elementor-element-populated\">\n\t\t\t\t\t\t<div class=\"elementor-element elementor-element-9770b51 elementor-widget elementor-widget-uael-infobox\" data-id=\"9770b51\" data-element_type=\"widget\" data-widget_type=\"uael-infobox.default\">\n\t\t\t\t<div class=\"elementor-widget-container\">\n\t\t\t\t\t\n<div class=\"uael-module-content uael-infobox uael-imgicon-style-normal  infobox-has-icon uael-infobox-icon-above-title  uael-infobox-link-type-module\">\n\t<div class=\"uael-infobox-left-right-wrap\">\n\t\t\t\t\t<a href=\"https:\/\/g.page\/MisterTrack?share\" target=\"_blank\" class=\"uael-infobox-module-link\" aria-label=\"Infobox Link\"><\/a>\n\t\t\t\t\t\t\t<div class=\"uael-infobox-content\">\n\t\t\t\t\t\t\t<div class=\"uael-module-content uael-imgicon-wrap \">\t\t\t\t\t\t\t\t\t\t\t\t\t\t\t\t\t\t<div class=\"uael-icon-wrap elementor-animation-\">\n\t\t\t\t\t\t\t\t<span class=\"uael-icon\">\n\t\t\t\t\t\t\t\t\t<i aria-hidden=\"true\" class=\"fas fa-map-marked-alt\"><\/i>\t\t\t\t\t\t\t\t<\/span>\n\t\t\t\t\t\t\t<\/div>\n\t\t\t\t\t\t\t\n\t\t\t\t\t\t\t\t\t\t\t\t\t\t<\/div>\n\t\t\t\t\t\t\t<div class='uael-infobox-title-wrap'><h3 class=\"uael-infobox-title elementor-inline-editing\" data-elementor-setting-key=\"infobox_title\" data-elementor-inline-editing-toolbar=\"basic\" >Adresse<\/h3><\/div>\t\t\t\t\t\t\t\t\t<div class=\"uael-infobox-text-wrap\">\n\t\t\t\t<div class=\"uael-infobox-text elementor-inline-editing\" data-elementor-setting-key=\"infobox_description\" data-elementor-inline-editing-toolbar=\"advanced\">\n\t\t\t\t\t97 Rue Sauveur Tobelem, 13007 Marseille, Francia\t\t\t\t<\/div>\n\t\t\t\t\t\n\t\t\t\t\t\t\t<\/div>\n\t\t<\/div>\n\t\t\t<\/div>\n<\/div>\n\t\t\t\t<\/div>\n\t\t\t\t<\/div>\n\t\t\t\t\t<\/div>\n\t\t<\/div>\n\t\t\t\t\t<\/div>\n\t\t<\/section>\n\t\t\t\t<section class=\"elementor-section elementor-top-section elementor-element elementor-element-a2de72f elementor-section-full_width elementor-section-stretched elementor-section-height-default elementor-section-height-default\" data-id=\"a2de72f\" data-element_type=\"section\" data-settings=\"{&quot;stretch_section&quot;:&quot;section-stretched&quot;}\">\n\t\t\t\t\t\t<div class=\"elementor-container elementor-column-gap-default\">\n\t\t\t\t\t<div class=\"elementor-column elementor-col-100 elementor-top-column elementor-element elementor-element-7d3700b\" data-id=\"7d3700b\" data-element_type=\"column\">\n\t\t\t<div class=\"elementor-widget-wrap elementor-element-populated\">\n\t\t\t\t\t\t<div class=\"elementor-element elementor-element-0e93902 elementor-widget elementor-widget-global elementor-global-11934 elementor-widget-google_maps\" data-id=\"0e93902\" data-element_type=\"widget\" data-widget_type=\"google_maps.default\">\n\t\t\t\t<div class=\"elementor-widget-container\">\n\t\t\t\t\t\t\t<div class=\"elementor-custom-embed\">\n\t\t\t<iframe loading=\"lazy\"\n\t\t\t\t\tsrc=\"https:\/\/www.google.com\/maps\/embed\/v1\/place?key=AIzaSyAL-1_tIQ2vpiRVs3wHqrXDjCgMQy_REck&#038;q=97%20Rue%20Sauveur%20Tobelem%2C%2013007%20Marseille&#038;zoom=15\"\n\t\t\t\t\ttitle=\"97 Rue Sauveur Tobelem, 13007 Marseille\"\n\t\t\t\t\taria-label=\"97 Rue Sauveur Tobelem, 13007 Marseille\"\n\t\t\t><\/iframe>\n\t\t<\/div>\n\t\t\t\t\t\t<\/div>\n\t\t\t\t<\/div>\n\t\t\t\t\t<\/div>\n\t\t<\/div>\n\t\t\t\t\t<\/div>\n\t\t<\/section>\n\t\t\t\t<\/div>\n\t\t","protected":false},"excerpt":{"rendered":"<p>Vous souhaitez avoir plus d&rsquo;informations sur la location ou l&rsquo;achat de votre balise Mister Track ? Nous sommes \u00e0 votre disposition pour r\u00e9pondre \u00e0 vos&#8230;<\/p>\n","protected":false},"author":6,"featured_media":0,"parent":0,"menu_order":0,"comment_status":"closed","ping_status":"closed","template":"","meta":{"inline_featured_image":false,"footnotes":""},"class_list":["post-701","page","type-page","status-publish","hentry"],"yoast_head":"<!-- This site is optimized with the Yoast SEO Premium plugin v26.8 (Yoast SEO v26.8) - https:\/\/yoast.com\/product\/yoast-seo-premium-wordpress\/ -->\n<title>Contact - Mister Track<\/title>\n<meta name=\"description\" content=\"Vous souhaitez avoir plus d&#039;informations sur la location ou l&#039;achat de votre balise GPS Mister Track ? Nous sommes \u00e0 votre disposition pour r\u00e9pondre \u00e0 vos questions. contact@mistertrack.com\" \/>\n<meta name=\"robots\" content=\"index, follow, max-snippet:-1, max-image-preview:large, max-video-preview:-1\" \/>\n<link rel=\"canonical\" href=\"https:\/\/mistertrack.com\/fr\/contact\/\" \/>\n<meta property=\"og:locale\" content=\"fr_FR\" \/>\n<meta property=\"og:type\" content=\"article\" \/>\n<meta property=\"og:title\" content=\"Contact\" \/>\n<meta property=\"og:description\" content=\"Vous souhaitez avoir plus d&#039;informations sur la location ou l&#039;achat de votre balise GPS Mister Track ? Nous sommes \u00e0 votre disposition pour r\u00e9pondre \u00e0 vos questions. contact@mistertrack.com\" \/>\n<meta property=\"og:url\" content=\"https:\/\/mistertrack.com\/fr\/contact\/\" \/>\n<meta property=\"og:site_name\" content=\"Mister Track\" \/>\n<meta property=\"article:modified_time\" content=\"2024-08-13T03:02:09+00:00\" \/>\n<meta property=\"og:image\" content=\"https:\/\/mistertrack.com\/wp-content\/uploads\/2021\/06\/mt-woman-using-facebook-application-1024x788.jpg\" \/>\n<meta name=\"twitter:card\" content=\"summary_large_image\" \/>\n<meta name=\"twitter:label1\" content=\"Dur\u00e9e de lecture estim\u00e9e\" \/>\n\t<meta name=\"twitter:data1\" content=\"1 minute\" \/>\n<script type=\"application\/ld+json\" class=\"yoast-schema-graph\">{\"@context\":\"https:\/\/schema.org\",\"@graph\":[{\"@type\":\"WebPage\",\"@id\":\"https:\/\/mistertrack.com\/fr\/contact\/\",\"url\":\"https:\/\/mistertrack.com\/fr\/contact\/\",\"name\":\"Contact - Mister Track\",\"isPartOf\":{\"@id\":\"https:\/\/mistertrack.com\/fr\/#website\"},\"primaryImageOfPage\":{\"@id\":\"https:\/\/mistertrack.com\/fr\/contact\/#primaryimage\"},\"image\":{\"@id\":\"https:\/\/mistertrack.com\/fr\/contact\/#primaryimage\"},\"thumbnailUrl\":\"https:\/\/mistertrack.com\/wp-content\/uploads\/2021\/06\/mt-woman-using-facebook-application-1024x788.jpg\",\"datePublished\":\"2017-01-18T15:49:53+00:00\",\"dateModified\":\"2024-08-13T03:02:09+00:00\",\"description\":\"Vous souhaitez avoir plus d'informations sur la location ou l'achat de votre balise GPS Mister Track ? Nous sommes \u00e0 votre disposition pour r\u00e9pondre \u00e0 vos questions. contact@mistertrack.com\",\"breadcrumb\":{\"@id\":\"https:\/\/mistertrack.com\/fr\/contact\/#breadcrumb\"},\"inLanguage\":\"fr-FR\",\"potentialAction\":[{\"@type\":\"ReadAction\",\"target\":[\"https:\/\/mistertrack.com\/fr\/contact\/\"]}]},{\"@type\":\"ImageObject\",\"inLanguage\":\"fr-FR\",\"@id\":\"https:\/\/mistertrack.com\/fr\/contact\/#primaryimage\",\"url\":\"https:\/\/mistertrack.com\/wp-content\/uploads\/2021\/06\/mt-woman-using-facebook-application-1024x788.jpg\",\"contentUrl\":\"https:\/\/mistertrack.com\/wp-content\/uploads\/2021\/06\/mt-woman-using-facebook-application-1024x788.jpg\"},{\"@type\":\"BreadcrumbList\",\"@id\":\"https:\/\/mistertrack.com\/fr\/contact\/#breadcrumb\",\"itemListElement\":[{\"@type\":\"ListItem\",\"position\":1,\"name\":\"Accueil\",\"item\":\"https:\/\/mistertrack.com\/fr\/\"},{\"@type\":\"ListItem\",\"position\":2,\"name\":\"Contact\"}]},{\"@type\":\"WebSite\",\"@id\":\"https:\/\/mistertrack.com\/fr\/#website\",\"url\":\"https:\/\/mistertrack.com\/fr\/\",\"name\":\"Mister Track\",\"description\":\"Traceurs GPS autonomes haut de gamme\",\"potentialAction\":[{\"@type\":\"SearchAction\",\"target\":{\"@type\":\"EntryPoint\",\"urlTemplate\":\"https:\/\/mistertrack.com\/fr\/?s={search_term_string}\"},\"query-input\":{\"@type\":\"PropertyValueSpecification\",\"valueRequired\":true,\"valueName\":\"search_term_string\"}}],\"inLanguage\":\"fr-FR\"}]}<\/script>\n<!-- \/ Yoast SEO Premium plugin. -->","yoast_head_json":{"title":"Contact - Mister Track","description":"Vous souhaitez avoir plus d'informations sur la location ou l'achat de votre balise GPS Mister Track ? Nous sommes \u00e0 votre disposition pour r\u00e9pondre \u00e0 vos questions. contact@mistertrack.com","robots":{"index":"index","follow":"follow","max-snippet":"max-snippet:-1","max-image-preview":"max-image-preview:large","max-video-preview":"max-video-preview:-1"},"canonical":"https:\/\/mistertrack.com\/fr\/contact\/","og_locale":"fr_FR","og_type":"article","og_title":"Contact","og_description":"Vous souhaitez avoir plus d'informations sur la location ou l'achat de votre balise GPS Mister Track ? Nous sommes \u00e0 votre disposition pour r\u00e9pondre \u00e0 vos questions. contact@mistertrack.com","og_url":"https:\/\/mistertrack.com\/fr\/contact\/","og_site_name":"Mister Track","article_modified_time":"2024-08-13T03:02:09+00:00","og_image":[{"url":"https:\/\/mistertrack.com\/wp-content\/uploads\/2021\/06\/mt-woman-using-facebook-application-1024x788.jpg","type":"","width":"","height":""}],"twitter_card":"summary_large_image","twitter_misc":{"Dur\u00e9e de lecture estim\u00e9e":"1 minute"},"schema":{"@context":"https:\/\/schema.org","@graph":[{"@type":"WebPage","@id":"https:\/\/mistertrack.com\/fr\/contact\/","url":"https:\/\/mistertrack.com\/fr\/contact\/","name":"Contact - Mister Track","isPartOf":{"@id":"https:\/\/mistertrack.com\/fr\/#website"},"primaryImageOfPage":{"@id":"https:\/\/mistertrack.com\/fr\/contact\/#primaryimage"},"image":{"@id":"https:\/\/mistertrack.com\/fr\/contact\/#primaryimage"},"thumbnailUrl":"https:\/\/mistertrack.com\/wp-content\/uploads\/2021\/06\/mt-woman-using-facebook-application-1024x788.jpg","datePublished":"2017-01-18T15:49:53+00:00","dateModified":"2024-08-13T03:02:09+00:00","description":"Vous souhaitez avoir plus d'informations sur la location ou l'achat de votre balise GPS Mister Track ? Nous sommes \u00e0 votre disposition pour r\u00e9pondre \u00e0 vos questions. contact@mistertrack.com","breadcrumb":{"@id":"https:\/\/mistertrack.com\/fr\/contact\/#breadcrumb"},"inLanguage":"fr-FR","potentialAction":[{"@type":"ReadAction","target":["https:\/\/mistertrack.com\/fr\/contact\/"]}]},{"@type":"ImageObject","inLanguage":"fr-FR","@id":"https:\/\/mistertrack.com\/fr\/contact\/#primaryimage","url":"https:\/\/mistertrack.com\/wp-content\/uploads\/2021\/06\/mt-woman-using-facebook-application-1024x788.jpg","contentUrl":"https:\/\/mistertrack.com\/wp-content\/uploads\/2021\/06\/mt-woman-using-facebook-application-1024x788.jpg"},{"@type":"BreadcrumbList","@id":"https:\/\/mistertrack.com\/fr\/contact\/#breadcrumb","itemListElement":[{"@type":"ListItem","position":1,"name":"Accueil","item":"https:\/\/mistertrack.com\/fr\/"},{"@type":"ListItem","position":2,"name":"Contact"}]},{"@type":"WebSite","@id":"https:\/\/mistertrack.com\/fr\/#website","url":"https:\/\/mistertrack.com\/fr\/","name":"Mister Track","description":"Traceurs GPS autonomes haut de gamme","potentialAction":[{"@type":"SearchAction","target":{"@type":"EntryPoint","urlTemplate":"https:\/\/mistertrack.com\/fr\/?s={search_term_string}"},"query-input":{"@type":"PropertyValueSpecification","valueRequired":true,"valueName":"search_term_string"}}],"inLanguage":"fr-FR"}]}},"_links":{"self":[{"href":"https:\/\/mistertrack.com\/fr\/wp-json\/wp\/v2\/pages\/701","targetHints":{"allow":["GET"]}}],"collection":[{"href":"https:\/\/mistertrack.com\/fr\/wp-json\/wp\/v2\/pages"}],"about":[{"href":"https:\/\/mistertrack.com\/fr\/wp-json\/wp\/v2\/types\/page"}],"author":[{"embeddable":true,"href":"https:\/\/mistertrack.com\/fr\/wp-json\/wp\/v2\/users\/6"}],"replies":[{"embeddable":true,"href":"https:\/\/mistertrack.com\/fr\/wp-json\/wp\/v2\/comments?post=701"}],"version-history":[{"count":71,"href":"https:\/\/mistertrack.com\/fr\/wp-json\/wp\/v2\/pages\/701\/revisions"}],"predecessor-version":[{"id":11993,"href":"https:\/\/mistertrack.com\/fr\/wp-json\/wp\/v2\/pages\/701\/revisions\/11993"}],"wp:attachment":[{"href":"https:\/\/mistertrack.com\/fr\/wp-json\/wp\/v2\/media?parent=701"}],"curies":[{"name":"wp","href":"https:\/\/api.w.org\/{rel}","templated":true}]}}