{"id":888,"date":"2017-03-09T10:00:40","date_gmt":"2017-03-09T10:00:40","guid":{"rendered":"http:\/\/www.mistertrack.com\/?page_id=888\/"},"modified":"2022-01-19T16:53:41","modified_gmt":"2022-01-19T16:53:41","slug":"geolocalisation-enfants-personnes-animaux","status":"publish","type":"page","link":"https:\/\/mistertrack.com\/fr\/geolocalisation-enfants-personnes-animaux\/","title":{"rendered":"G\u00e9olocalisation des personnes et des animaux"},"content":{"rendered":"\t\t<div data-elementor-type=\"wp-page\" data-elementor-id=\"888\" class=\"elementor elementor-888\" data-elementor-post-type=\"page\">\n\t\t\t\t\t\t<section class=\"elementor-section elementor-top-section elementor-element elementor-element-32e56ca0 elementor-section-content-middle elementor-section-boxed elementor-section-height-default elementor-section-height-default\" data-id=\"32e56ca0\" data-element_type=\"section\">\n\t\t\t\t\t\t<div class=\"elementor-container elementor-column-gap-default\">\n\t\t\t\t\t<div class=\"elementor-column elementor-col-50 elementor-top-column elementor-element elementor-element-6751fb4\" data-id=\"6751fb4\" data-element_type=\"column\">\n\t\t\t<div class=\"elementor-widget-wrap elementor-element-populated\">\n\t\t\t\t\t\t<div class=\"elementor-element elementor-element-cfe70ec elementor-arrows-position-inside elementor-widget elementor-widget-image-carousel\" data-id=\"cfe70ec\" data-element_type=\"widget\" data-settings=\"{&quot;slides_to_show&quot;:&quot;1&quot;,&quot;navigation&quot;:&quot;arrows&quot;,&quot;infinite&quot;:&quot;no&quot;,&quot;autoplay&quot;:&quot;yes&quot;,&quot;pause_on_hover&quot;:&quot;yes&quot;,&quot;pause_on_interaction&quot;:&quot;yes&quot;,&quot;autoplay_speed&quot;:5000,&quot;effect&quot;:&quot;slide&quot;,&quot;speed&quot;:500}\" data-widget_type=\"image-carousel.default\">\n\t\t\t\t<div class=\"elementor-widget-container\">\n\t\t\t\t\t\t\t<div class=\"elementor-image-carousel-wrapper swiper\" role=\"region\" aria-roledescription=\"carousel\" aria-label=\"Carrousel d\u2019images\" dir=\"ltr\">\n\t\t\t<div class=\"elementor-image-carousel swiper-wrapper\" aria-live=\"off\">\n\t\t\t\t\t\t\t\t<div class=\"swiper-slide\" role=\"group\" aria-roledescription=\"slide\" aria-label=\"1 sur 5\"><figure class=\"swiper-slide-inner\"><img decoding=\"async\" class=\"swiper-slide-image\" src=\"https:\/\/mistertrack.com\/wp-content\/uploads\/2016\/04\/balise-gps-enfant-scaled.jpg\" alt=\"Traceur-GPS-enfant\" \/><\/figure><\/div><div class=\"swiper-slide\" role=\"group\" aria-roledescription=\"slide\" aria-label=\"2 sur 5\"><figure class=\"swiper-slide-inner\"><img decoding=\"async\" class=\"swiper-slide-image\" src=\"https:\/\/mistertrack.com\/wp-content\/uploads\/2017\/06\/traceur-gps-chien-1-1.jpg\" alt=\"traceur gps chien\" \/><\/figure><\/div><div class=\"swiper-slide\" role=\"group\" aria-roledescription=\"slide\" aria-label=\"3 sur 5\"><figure class=\"swiper-slide-inner\"><img decoding=\"async\" class=\"swiper-slide-image\" src=\"https:\/\/mistertrack.com\/wp-content\/uploads\/2018\/05\/Notifications-dalertes-Mister-Track-1.png\" alt=\"Alertes Mister Track sur smarphone\" \/><\/figure><\/div><div class=\"swiper-slide\" role=\"group\" aria-roledescription=\"slide\" aria-label=\"4 sur 5\"><figure class=\"swiper-slide-inner\"><img decoding=\"async\" class=\"swiper-slide-image\" src=\"https:\/\/mistertrack.com\/wp-content\/uploads\/2017\/03\/MT-2650-1.png\" alt=\"Balise GPS Mister Track MT 2650\" \/><\/figure><\/div><div class=\"swiper-slide\" role=\"group\" aria-roledescription=\"slide\" aria-label=\"5 sur 5\"><figure class=\"swiper-slide-inner\"><img decoding=\"async\" class=\"swiper-slide-image\" src=\"https:\/\/mistertrack.com\/wp-content\/uploads\/2020\/03\/EDICION-ZONA-RD.png\" alt=\"EDICION ZONA RD\" \/><\/figure><\/div>\t\t\t<\/div>\n\t\t\t\t\t\t\t\t\t\t\t\t<div class=\"elementor-swiper-button elementor-swiper-button-prev\" role=\"button\" tabindex=\"0\">\n\t\t\t\t\t\t<i aria-hidden=\"true\" class=\"eicon-chevron-left\"><\/i>\t\t\t\t\t<\/div>\n\t\t\t\t\t<div class=\"elementor-swiper-button elementor-swiper-button-next\" role=\"button\" tabindex=\"0\">\n\t\t\t\t\t\t<i aria-hidden=\"true\" class=\"eicon-chevron-right\"><\/i>\t\t\t\t\t<\/div>\n\t\t\t\t\n\t\t\t\t\t\t\t\t\t<\/div>\n\t\t\t\t\t\t<\/div>\n\t\t\t\t<\/div>\n\t\t\t\t\t<\/div>\n\t\t<\/div>\n\t\t\t\t<div class=\"elementor-column elementor-col-50 elementor-top-column elementor-element elementor-element-4eaf7c1\" data-id=\"4eaf7c1\" data-element_type=\"column\">\n\t\t\t<div class=\"elementor-widget-wrap elementor-element-populated\">\n\t\t\t\t\t\t<div class=\"elementor-element elementor-element-3dc36e47 elementor-widget elementor-widget-text-editor\" data-id=\"3dc36e47\" data-element_type=\"widget\" data-widget_type=\"text-editor.default\">\n\t\t\t\t<div class=\"elementor-widget-container\">\n\t\t\t\t\t\t\t\t\t<ul class=\"check-m\"><li>Traceur GPS \/ Balise GPS pour enfants<\/li><li>Traceur GPS \/ Balise GPS pour personnes \u00e2g\u00e9es<\/li><li>Traceur GPS \/ Balise GPS pour personnes isol\u00e9es<\/li><li>Traceur GPS \/ Balise GPS pour personnes handicap\u00e9es<\/li><li>Traceur GPS \/ Balise GPS pour animaux de compagnie<\/li><li>Traceur GPS \/ Balise GPS pour voyageur et globe-trotteur<\/li><\/ul>\t\t\t\t\t\t\t\t<\/div>\n\t\t\t\t<\/div>\n\t\t\t\t\t<\/div>\n\t\t<\/div>\n\t\t\t\t\t<\/div>\n\t\t<\/section>\n\t\t\t\t<section class=\"elementor-section elementor-top-section elementor-element elementor-element-4c71dcd3 elementor-section-boxed elementor-section-height-default elementor-section-height-default\" data-id=\"4c71dcd3\" data-element_type=\"section\">\n\t\t\t\t\t\t<div class=\"elementor-container elementor-column-gap-default\">\n\t\t\t\t\t<div class=\"elementor-column elementor-col-50 elementor-top-column elementor-element elementor-element-99fbc98\" data-id=\"99fbc98\" data-element_type=\"column\">\n\t\t\t<div class=\"elementor-widget-wrap elementor-element-populated\">\n\t\t\t\t\t\t<div class=\"elementor-element elementor-element-4e245dcf elementor-align-center elementor-widget elementor-widget-button\" data-id=\"4e245dcf\" data-element_type=\"widget\" data-widget_type=\"button.default\">\n\t\t\t\t<div class=\"elementor-widget-container\">\n\t\t\t\t\t\t\t\t\t<div class=\"elementor-button-wrapper\">\n\t\t\t\t\t<a class=\"elementor-button elementor-button-link elementor-size-sm\" href=\"\/fr\/balise\/location-traceur-gps\/\">\n\t\t\t\t\t\t<span class=\"elementor-button-content-wrapper\">\n\t\t\t\t\t\t\t\t\t<span class=\"elementor-button-text\">Loyer \u00e0 partir de 15,90 \u20ac TTC<\/span>\n\t\t\t\t\t<\/span>\n\t\t\t\t\t<\/a>\n\t\t\t\t<\/div>\n\t\t\t\t\t\t\t\t<\/div>\n\t\t\t\t<\/div>\n\t\t\t\t\t<\/div>\n\t\t<\/div>\n\t\t\t\t<div class=\"elementor-column elementor-col-50 elementor-top-column elementor-element elementor-element-b49df3\" data-id=\"b49df3\" data-element_type=\"column\">\n\t\t\t<div class=\"elementor-widget-wrap elementor-element-populated\">\n\t\t\t\t\t\t<div class=\"elementor-element elementor-element-6de37157 elementor-align-center elementor-widget elementor-widget-button\" data-id=\"6de37157\" data-element_type=\"widget\" data-widget_type=\"button.default\">\n\t\t\t\t<div class=\"elementor-widget-container\">\n\t\t\t\t\t\t\t\t\t<div class=\"elementor-button-wrapper\">\n\t\t\t\t\t<a class=\"elementor-button elementor-button-link elementor-size-sm\" href=\"\/fr\/balise\/acheter-mister-track\/\">\n\t\t\t\t\t\t<span class=\"elementor-button-content-wrapper\">\n\t\t\t\t\t\t\t\t\t<span class=\"elementor-button-text\">Acheter \u00e0 partir de 319 \u20ac TTC<\/span>\n\t\t\t\t\t<\/span>\n\t\t\t\t\t<\/a>\n\t\t\t\t<\/div>\n\t\t\t\t\t\t\t\t<\/div>\n\t\t\t\t<\/div>\n\t\t\t\t\t<\/div>\n\t\t<\/div>\n\t\t\t\t\t<\/div>\n\t\t<\/section>\n\t\t\t\t<section class=\"elementor-section elementor-top-section elementor-element elementor-element-5a6bd49a elementor-section-boxed elementor-section-height-default elementor-section-height-default\" data-id=\"5a6bd49a\" data-element_type=\"section\">\n\t\t\t\t\t\t<div class=\"elementor-container elementor-column-gap-default\">\n\t\t\t\t\t<div class=\"elementor-column elementor-col-100 elementor-top-column elementor-element elementor-element-6d3982cb\" data-id=\"6d3982cb\" data-element_type=\"column\">\n\t\t\t<div class=\"elementor-widget-wrap elementor-element-populated\">\n\t\t\t\t\t\t<div class=\"elementor-element elementor-element-74e3d195 elementor-widget elementor-widget-text-editor\" data-id=\"74e3d195\" data-element_type=\"widget\" data-widget_type=\"text-editor.default\">\n\t\t\t\t<div class=\"elementor-widget-container\">\n\t\t\t\t\t\t\t\t\t<h2>Votre traceur GPS pour les\u00a0personnes et les animaux<\/h2><p>Vous tenez \u00e0 vos proches et c\u2019est normal. Qu\u2019il s\u2019agisse de vos enfants, de vos amis ou de vos parents, il est n\u00e9cessaire de poser un \u0153il sur eux afin de vous rassurer et d\u2019assurer leur s\u00e9curit\u00e9. C\u2019est notamment le cas pour les jeunes enfants, les personnes \u00e2g\u00e9es ou encore les personnes atteintes d\u2019Alzheimer. \u00a0Pour vous aider \u00e0 prot\u00e9ger vos proches, Mister Track se glisse dans leur sac, leur poche ou leur ceinture afin de g\u00e9olocaliser leurs mouvements. Les\u00a0<b>traceurs GPS autonomes<\/b>\u00a0Mister Track sont con\u00e7us pour localiser les personnes de mani\u00e8re pr\u00e9cise.\u00a0<b>Louez votre balise GPS<\/b>\u00a0d\u00e8s aujourd\u2019hui pour prot\u00e9ger les personnes\u00a0!<\/p><h3>G\u00e9olocalisation et protection des personnes \u00e2g\u00e9es<\/h3><p>Les personnes \u00e2g\u00e9es sont probablement les plus expos\u00e9es au risque de perte, d\u2019\u00e9garement ou de chute. G\u00e9olocaliser ces personnes est une bonne solution afin de les s\u00e9curiser et de vous rassurer quant \u00e0 leur \u00e9tat de sant\u00e9. Les\u00a0<b>traceurs GPS pour personnes \u00e2g\u00e9es<\/b>\u00a0Mister Track vous permettront de veiller sur vos parents et grands-parents. Suivez leurs d\u00e9placements gr\u00e2ce \u00e0 notre plateforme de suivi en ligne. Soyez averti lorsque la balise sort d\u2019une zone d\u00e9finie.\u00a0<b>Louez votre traceur GPS pour personne \u00e2g\u00e9e<\/b>\u00a0d\u00e8s maintenant\u00a0!<\/p><h3>G\u00e9olocalisation et protection des personnes handicap\u00e9es<\/h3><p>Ne laissez plus vos proches atteints d\u2019Alzheimer sans surveillance. Vous pourrez leur laisser de l\u2019autonomie tout en gardant un \u0153il sur eux gr\u00e2ce \u00e0 la\u00a0<b>g\u00e9olocalisation des personnes atteintes d\u2019Alzheimer<\/b>. La balise GPS Mister Track peut se porter \u00e0 la ceinture gr\u00e2ce \u00e0 son \u00e9tui. D\u00e9limitez une zone gr\u00e2ce au logiciel de g\u00e9otracking et soyez averti lorsque la balise sort de ce p\u00e9rim\u00e8tre. Vous pourrez vous rendre sur le point o\u00f9 se trouve la personne perdue gr\u00e2ce \u00e0 la fonctionnalit\u00e9 d\u2019itin\u00e9raire GPS. Louez votre traceur GPS\u00a0!<\/p><h3>Traceur GPS pour les\u00a0enfants : g\u00e9olocalisation et protection des enfants<\/h3><p>Les\u00a0<b>trackers GPS autonomes<\/b>\u00a0Mister Track se glissent facilement dans un cartable pour le bien de vos enfants. Ne les laissez plus sans surveillance tout en leur autorisant un certain degr\u00e9 d\u2019autonomie. Vos enfants pourront se rendre \u00e0 l\u2019\u00e9cole par eux-m\u00eames. La\u00a0<b>balise autonome GPS<\/b>\u00a0Mister Track suit leur trajet pour voir s\u2019ils ne s\u2019\u00e9loignent pas de vos consignes. Soyez alert\u00e9 d\u00e8s que l\u2019enfant sort d\u2019une zone d\u00e9finie. Votre enfant n\u2019aura plus peur de sortir seul puisqu\u2019il saura que vous avez un \u0153il sur lui. Vous pourrez m\u00eame vous rendre l\u00e0 o\u00f9 se trouve l\u2019enfant gr\u00e2ce \u00e0 la fonction d\u2019itin\u00e9raire GPS inclus dans votre offre de location Mister Track.<\/p><h3>Traceur GPS pour les chats, chiens et autres animaux de compagnie<\/h3><p>Vous avez un chat ou un chien et souhaitez avoir un oeil sur lui en permanence ? Pour \u00e9viter de le perdre, nous vous proposons la location de\u00a0<strong>tracker<\/strong><b>\u00a0GPS pour chat et chien<\/b>. Recevez une alerte lorsque votre animal de compagnie entre dans une zone pr\u00e9cise et suivez \u00e0 la trace ses d\u00e9placements. Ne perdez plus de vue votre animal gr\u00e2ce \u00e0 Mister Track, votre\u00a0<b>traceur GPS pour chat et chien<\/b>.<\/p><h3 id=\"tw-target-text\" class=\"tw-data-text tw-text-large tw-ta\" dir=\"ltr\" data-placeholder=\"Traducci\u00f3n\"><span lang=\"fr\">Traceur GPS pour voyageurs et Globe-trotteurs<br \/><\/span><\/h3><p class=\"tw-data-text tw-text-large tw-ta\" dir=\"ltr\" data-placeholder=\"Traducci\u00f3n\"><span lang=\"fr\"><strong>Prot\u00e9gez votre bagage<\/strong>\u00a0pendant votre voyage. Placez simplement le traceur dans votre valise ou votre sac \u00e0 dos pour le g\u00e9olocaliser \u00e0 tout moment.<\/span><\/p><p class=\"tw-data-text tw-text-large tw-ta\" dir=\"ltr\" data-placeholder=\"Traducci\u00f3n\"><span lang=\"fr\">Louez votre traceur GPS pour\u00a0<strong>explorer le monde en toute s\u00e9curit\u00e9<\/strong>. Partagez vos aventures et\u00a0<strong>rassurez vos proches<\/strong>. Restez localis\u00e9 en temps r\u00e9el pendant votre voyage.<\/span><\/p>\t\t\t\t\t\t\t\t<\/div>\n\t\t\t\t<\/div>\n\t\t\t\t\t<\/div>\n\t\t<\/div>\n\t\t\t\t\t<\/div>\n\t\t<\/section>\n\t\t\t\t<\/div>\n\t\t","protected":false},"excerpt":{"rendered":"<p>Pr\u00e9c\u00e9dent Suivant Traceur GPS \/ Balise GPS pour enfants Traceur GPS \/ Balise GPS pour personnes \u00e2g\u00e9es Traceur GPS \/ Balise GPS pour personnes isol\u00e9es&#8230;<\/p>\n","protected":false},"author":6,"featured_media":205,"parent":0,"menu_order":0,"comment_status":"closed","ping_status":"closed","template":"","meta":{"inline_featured_image":false,"footnotes":""},"class_list":["post-888","page","type-page","status-publish","has-post-thumbnail","hentry"],"yoast_head":"<!-- This site is optimized with the Yoast SEO Premium plugin v26.8 (Yoast SEO v26.8) - https:\/\/yoast.com\/product\/yoast-seo-premium-wordpress\/ -->\n<title>Traceur GPS chat, chien, enfant, personnes \u00e2g\u00e9es - Mister Track<\/title>\n<meta name=\"description\" content=\"Tracker GPS pour la protection des enfants, des personnes \u00e2g\u00e9es, des personnes isol\u00e9es, des personnes handicap\u00e9es et des animaux de compagnie.\" \/>\n<meta name=\"robots\" content=\"index, follow, max-snippet:-1, max-image-preview:large, max-video-preview:-1\" \/>\n<link rel=\"canonical\" href=\"https:\/\/mistertrack.com\/fr\/geolocalisation-enfants-personnes-animaux\/\" \/>\n<meta property=\"og:locale\" content=\"fr_FR\" \/>\n<meta property=\"og:type\" content=\"article\" \/>\n<meta property=\"og:title\" content=\"G\u00e9olocalisation des personnes et des animaux\" \/>\n<meta property=\"og:description\" content=\"Tracker GPS pour la protection des enfants, des personnes \u00e2g\u00e9es, des personnes isol\u00e9es, des personnes handicap\u00e9es et des animaux de compagnie.\" \/>\n<meta property=\"og:url\" content=\"https:\/\/mistertrack.com\/fr\/geolocalisation-enfants-personnes-animaux\/\" \/>\n<meta property=\"og:site_name\" content=\"Mister Track\" \/>\n<meta property=\"article:modified_time\" content=\"2022-01-19T16:53:41+00:00\" \/>\n<meta property=\"og:image\" content=\"https:\/\/mistertrack.com\/wp-content\/uploads\/2016\/04\/balise-gps-enfant-scaled.jpg\" \/>\n\t<meta property=\"og:image:width\" content=\"2560\" \/>\n\t<meta property=\"og:image:height\" content=\"1248\" \/>\n\t<meta property=\"og:image:type\" content=\"image\/jpeg\" \/>\n<meta name=\"twitter:card\" content=\"summary_large_image\" \/>\n<meta name=\"twitter:label1\" content=\"Dur\u00e9e de lecture estim\u00e9e\" \/>\n\t<meta name=\"twitter:data1\" content=\"3 minutes\" \/>\n<script type=\"application\/ld+json\" class=\"yoast-schema-graph\">{\"@context\":\"https:\/\/schema.org\",\"@graph\":[{\"@type\":\"WebPage\",\"@id\":\"https:\/\/mistertrack.com\/fr\/geolocalisation-enfants-personnes-animaux\/\",\"url\":\"https:\/\/mistertrack.com\/fr\/geolocalisation-enfants-personnes-animaux\/\",\"name\":\"Traceur GPS chat, chien, enfant, personnes \u00e2g\u00e9es - Mister Track\",\"isPartOf\":{\"@id\":\"https:\/\/mistertrack.com\/fr\/#website\"},\"primaryImageOfPage\":{\"@id\":\"https:\/\/mistertrack.com\/fr\/geolocalisation-enfants-personnes-animaux\/#primaryimage\"},\"image\":{\"@id\":\"https:\/\/mistertrack.com\/fr\/geolocalisation-enfants-personnes-animaux\/#primaryimage\"},\"thumbnailUrl\":\"https:\/\/mistertrack.com\/wp-content\/uploads\/2016\/04\/balise-gps-enfant-scaled.jpg\",\"datePublished\":\"2017-03-09T10:00:40+00:00\",\"dateModified\":\"2022-01-19T16:53:41+00:00\",\"description\":\"Tracker GPS pour la protection des enfants, des personnes \u00e2g\u00e9es, des personnes isol\u00e9es, des personnes handicap\u00e9es et des animaux de compagnie.\",\"breadcrumb\":{\"@id\":\"https:\/\/mistertrack.com\/fr\/geolocalisation-enfants-personnes-animaux\/#breadcrumb\"},\"inLanguage\":\"fr-FR\",\"potentialAction\":[{\"@type\":\"ReadAction\",\"target\":[\"https:\/\/mistertrack.com\/fr\/geolocalisation-enfants-personnes-animaux\/\"]}]},{\"@type\":\"ImageObject\",\"inLanguage\":\"fr-FR\",\"@id\":\"https:\/\/mistertrack.com\/fr\/geolocalisation-enfants-personnes-animaux\/#primaryimage\",\"url\":\"https:\/\/mistertrack.com\/wp-content\/uploads\/2016\/04\/balise-gps-enfant-scaled.jpg\",\"contentUrl\":\"https:\/\/mistertrack.com\/wp-content\/uploads\/2016\/04\/balise-gps-enfant-scaled.jpg\",\"width\":2560,\"height\":1248,\"caption\":\"Traceurs GPS pour les personnes\"},{\"@type\":\"BreadcrumbList\",\"@id\":\"https:\/\/mistertrack.com\/fr\/geolocalisation-enfants-personnes-animaux\/#breadcrumb\",\"itemListElement\":[{\"@type\":\"ListItem\",\"position\":1,\"name\":\"Accueil\",\"item\":\"https:\/\/mistertrack.com\/fr\/\"},{\"@type\":\"ListItem\",\"position\":2,\"name\":\"G\u00e9olocalisation des personnes et des animaux\"}]},{\"@type\":\"WebSite\",\"@id\":\"https:\/\/mistertrack.com\/fr\/#website\",\"url\":\"https:\/\/mistertrack.com\/fr\/\",\"name\":\"Mister Track\",\"description\":\"Traceurs GPS autonomes haut de gamme\",\"potentialAction\":[{\"@type\":\"SearchAction\",\"target\":{\"@type\":\"EntryPoint\",\"urlTemplate\":\"https:\/\/mistertrack.com\/fr\/?s={search_term_string}\"},\"query-input\":{\"@type\":\"PropertyValueSpecification\",\"valueRequired\":true,\"valueName\":\"search_term_string\"}}],\"inLanguage\":\"fr-FR\"}]}<\/script>\n<!-- \/ Yoast SEO Premium plugin. -->","yoast_head_json":{"title":"Traceur GPS chat, chien, enfant, personnes \u00e2g\u00e9es - Mister Track","description":"Tracker GPS pour la protection des enfants, des personnes \u00e2g\u00e9es, des personnes isol\u00e9es, des personnes handicap\u00e9es et des animaux de compagnie.","robots":{"index":"index","follow":"follow","max-snippet":"max-snippet:-1","max-image-preview":"max-image-preview:large","max-video-preview":"max-video-preview:-1"},"canonical":"https:\/\/mistertrack.com\/fr\/geolocalisation-enfants-personnes-animaux\/","og_locale":"fr_FR","og_type":"article","og_title":"G\u00e9olocalisation des personnes et des animaux","og_description":"Tracker GPS pour la protection des enfants, des personnes \u00e2g\u00e9es, des personnes isol\u00e9es, des personnes handicap\u00e9es et des animaux de compagnie.","og_url":"https:\/\/mistertrack.com\/fr\/geolocalisation-enfants-personnes-animaux\/","og_site_name":"Mister Track","article_modified_time":"2022-01-19T16:53:41+00:00","og_image":[{"width":2560,"height":1248,"url":"https:\/\/mistertrack.com\/wp-content\/uploads\/2016\/04\/balise-gps-enfant-scaled.jpg","type":"image\/jpeg"}],"twitter_card":"summary_large_image","twitter_misc":{"Dur\u00e9e de lecture estim\u00e9e":"3 minutes"},"schema":{"@context":"https:\/\/schema.org","@graph":[{"@type":"WebPage","@id":"https:\/\/mistertrack.com\/fr\/geolocalisation-enfants-personnes-animaux\/","url":"https:\/\/mistertrack.com\/fr\/geolocalisation-enfants-personnes-animaux\/","name":"Traceur GPS chat, chien, enfant, personnes \u00e2g\u00e9es - Mister Track","isPartOf":{"@id":"https:\/\/mistertrack.com\/fr\/#website"},"primaryImageOfPage":{"@id":"https:\/\/mistertrack.com\/fr\/geolocalisation-enfants-personnes-animaux\/#primaryimage"},"image":{"@id":"https:\/\/mistertrack.com\/fr\/geolocalisation-enfants-personnes-animaux\/#primaryimage"},"thumbnailUrl":"https:\/\/mistertrack.com\/wp-content\/uploads\/2016\/04\/balise-gps-enfant-scaled.jpg","datePublished":"2017-03-09T10:00:40+00:00","dateModified":"2022-01-19T16:53:41+00:00","description":"Tracker GPS pour la protection des enfants, des personnes \u00e2g\u00e9es, des personnes isol\u00e9es, des personnes handicap\u00e9es et des animaux de compagnie.","breadcrumb":{"@id":"https:\/\/mistertrack.com\/fr\/geolocalisation-enfants-personnes-animaux\/#breadcrumb"},"inLanguage":"fr-FR","potentialAction":[{"@type":"ReadAction","target":["https:\/\/mistertrack.com\/fr\/geolocalisation-enfants-personnes-animaux\/"]}]},{"@type":"ImageObject","inLanguage":"fr-FR","@id":"https:\/\/mistertrack.com\/fr\/geolocalisation-enfants-personnes-animaux\/#primaryimage","url":"https:\/\/mistertrack.com\/wp-content\/uploads\/2016\/04\/balise-gps-enfant-scaled.jpg","contentUrl":"https:\/\/mistertrack.com\/wp-content\/uploads\/2016\/04\/balise-gps-enfant-scaled.jpg","width":2560,"height":1248,"caption":"Traceurs GPS pour les personnes"},{"@type":"BreadcrumbList","@id":"https:\/\/mistertrack.com\/fr\/geolocalisation-enfants-personnes-animaux\/#breadcrumb","itemListElement":[{"@type":"ListItem","position":1,"name":"Accueil","item":"https:\/\/mistertrack.com\/fr\/"},{"@type":"ListItem","position":2,"name":"G\u00e9olocalisation des personnes et des animaux"}]},{"@type":"WebSite","@id":"https:\/\/mistertrack.com\/fr\/#website","url":"https:\/\/mistertrack.com\/fr\/","name":"Mister Track","description":"Traceurs GPS autonomes haut de gamme","potentialAction":[{"@type":"SearchAction","target":{"@type":"EntryPoint","urlTemplate":"https:\/\/mistertrack.com\/fr\/?s={search_term_string}"},"query-input":{"@type":"PropertyValueSpecification","valueRequired":true,"valueName":"search_term_string"}}],"inLanguage":"fr-FR"}]}},"_links":{"self":[{"href":"https:\/\/mistertrack.com\/fr\/wp-json\/wp\/v2\/pages\/888","targetHints":{"allow":["GET"]}}],"collection":[{"href":"https:\/\/mistertrack.com\/fr\/wp-json\/wp\/v2\/pages"}],"about":[{"href":"https:\/\/mistertrack.com\/fr\/wp-json\/wp\/v2\/types\/page"}],"author":[{"embeddable":true,"href":"https:\/\/mistertrack.com\/fr\/wp-json\/wp\/v2\/users\/6"}],"replies":[{"embeddable":true,"href":"https:\/\/mistertrack.com\/fr\/wp-json\/wp\/v2\/comments?post=888"}],"version-history":[{"count":39,"href":"https:\/\/mistertrack.com\/fr\/wp-json\/wp\/v2\/pages\/888\/revisions"}],"predecessor-version":[{"id":11407,"href":"https:\/\/mistertrack.com\/fr\/wp-json\/wp\/v2\/pages\/888\/revisions\/11407"}],"wp:featuredmedia":[{"embeddable":true,"href":"https:\/\/mistertrack.com\/fr\/wp-json\/wp\/v2\/media\/205"}],"wp:attachment":[{"href":"https:\/\/mistertrack.com\/fr\/wp-json\/wp\/v2\/media?parent=888"}],"curies":[{"name":"wp","href":"https:\/\/api.w.org\/{rel}","templated":true}]}}